{"id":5907,"date":"2015-12-11T13:19:31","date_gmt":"2015-12-11T12:19:31","guid":{"rendered":"https:\/\/www.colordesign-hotel-paris.com\/?page_id=5907"},"modified":"2024-12-12T16:23:46","modified_gmt":"2024-12-12T15:23:46","slug":"lage-2","status":"publish","type":"page","link":"https:\/\/www.colordesign-hotel-paris.com\/de\/lage-2\/","title":{"rendered":"Lage"},"content":{"rendered":"\t\t<div data-elementor-type=\"wp-page\" data-elementor-id=\"5907\" class=\"elementor elementor-5907 elementor-803\" data-elementor-post-type=\"page\">\n\t\t\t\t<div class=\"elementor-element elementor-element-e1e6691 e-con-full e-flex e-con e-parent\" data-id=\"e1e6691\" data-element_type=\"container\" data-settings=\"{&quot;background_background&quot;:&quot;slideshow&quot;,&quot;background_slideshow_slide_duration&quot;:3000,&quot;background_slideshow_ken_burns&quot;:&quot;yes&quot;,&quot;background_slideshow_gallery&quot;:[],&quot;background_slideshow_loop&quot;:&quot;yes&quot;,&quot;background_slideshow_slide_transition&quot;:&quot;fade&quot;,&quot;background_slideshow_transition_duration&quot;:500,&quot;background_slideshow_ken_burns_zoom_direction&quot;:&quot;in&quot;}\">\n\t\t\t\t<div class=\"elementor-element elementor-element-9c32b1b elementor-widget elementor-widget-shortcode\" data-id=\"9c32b1b\" data-element_type=\"widget\" data-widget_type=\"shortcode.default\">\n\t\t\t\t<div class=\"elementor-widget-container\">\n\t\t\t\t\t\t\t<div class=\"elementor-shortcode\">\t\t<div data-elementor-type=\"container\" data-elementor-id=\"4036\" class=\"elementor elementor-4036\" data-elementor-post-type=\"elementor_library\">\n\t\t\t\t<div class=\"elementor-element elementor-element-2f658a27 e-flex e-con-boxed e-con e-parent\" data-id=\"2f658a27\" data-element_type=\"container\" data-settings=\"{&quot;background_background&quot;:&quot;slideshow&quot;,&quot;background_slideshow_gallery&quot;:[{&quot;id&quot;:6091,&quot;url&quot;:&quot;https:\\\/\\\/www.colordesign-hotel-paris.com\\\/wp-content\\\/uploads\\\/2025\\\/12\\\/hotel_colordesign_18.jpg&quot;},{&quot;id&quot;:6140,&quot;url&quot;:&quot;https:\\\/\\\/www.colordesign-hotel-paris.com\\\/wp-content\\\/uploads\\\/2025\\\/12\\\/hotel_colordesign_25.jpg&quot;},{&quot;id&quot;:2681,&quot;url&quot;:&quot;https:\\\/\\\/www.colordesign-hotel-paris.com\\\/wp-content\\\/uploads\\\/2024\\\/11\\\/2017-color-design-hotel-36.jpg&quot;},{&quot;id&quot;:2688,&quot;url&quot;:&quot;https:\\\/\\\/www.colordesign-hotel-paris.com\\\/wp-content\\\/uploads\\\/2024\\\/11\\\/2017-color-design-hotel-01-1.jpg&quot;},{&quot;id&quot;:6042,&quot;url&quot;:&quot;https:\\\/\\\/www.colordesign-hotel-paris.com\\\/wp-content\\\/uploads\\\/2025\\\/12\\\/hotel_colordesign_11.jpg&quot;}],&quot;background_slideshow_slide_duration&quot;:3000,&quot;background_slideshow_ken_burns&quot;:&quot;yes&quot;,&quot;background_slideshow_loop&quot;:&quot;yes&quot;,&quot;background_slideshow_slide_transition&quot;:&quot;fade&quot;,&quot;background_slideshow_transition_duration&quot;:500,&quot;background_slideshow_ken_burns_zoom_direction&quot;:&quot;in&quot;}\">\n\t\t\t\t\t<div class=\"e-con-inner\">\n\t\t\t\t\t<\/div>\n\t\t\t\t<\/div>\n\t\t\t\t<\/div>\n\t\t<\/div>\n\t\t\t\t\t\t<\/div>\n\t\t\t\t<\/div>\n\t\t\t\t<\/div>\n\t\t<div class=\"elementor-element elementor-element-88aaa25 e-flex e-con-boxed elementor-invisible e-con e-parent\" data-id=\"88aaa25\" data-element_type=\"container\" data-settings=\"{&quot;animation&quot;:&quot;fadeInDown&quot;}\">\n\t\t\t\t\t<div class=\"e-con-inner\">\n\t\t\t\t<div class=\"elementor-element elementor-element-133cd60 elementor-widget-divider--view-line elementor-widget elementor-widget-divider\" data-id=\"133cd60\" data-element_type=\"widget\" data-widget_type=\"divider.default\">\n\t\t\t\t<div class=\"elementor-widget-container\">\n\t\t\t\t\t\t\t<div class=\"elementor-divider\">\n\t\t\t<span class=\"elementor-divider-separator\">\n\t\t\t\t\t\t<\/span>\n\t\t<\/div>\n\t\t\t\t\t\t<\/div>\n\t\t\t\t<\/div>\n\t\t\t\t\t<\/div>\n\t\t\t\t<\/div>\n\t\t<div class=\"elementor-element elementor-element-72c421a e-flex e-con-boxed e-con e-parent\" data-id=\"72c421a\" data-element_type=\"container\" data-settings=\"{&quot;background_background&quot;:&quot;gradient&quot;}\">\n\t\t\t\t\t<div class=\"e-con-inner\">\n\t\t\t\t<div class=\"elementor-element elementor-element-052fd0a elementor-widget elementor-widget-heading\" data-id=\"052fd0a\" data-element_type=\"widget\" data-widget_type=\"heading.default\">\n\t\t\t\t<div class=\"elementor-widget-container\">\n\t\t\t\t\t<h1 class=\"elementor-heading-title elementor-size-default\">3-Sterne-Hotel\nParis<\/h1>\t\t\t\t<\/div>\n\t\t\t\t<\/div>\n\t\t\t\t<div class=\"elementor-element elementor-element-c57ba24 elementor-widget elementor-widget-heading\" data-id=\"c57ba24\" data-element_type=\"widget\" data-widget_type=\"heading.default\">\n\t\t\t\t<div class=\"elementor-widget-container\">\n\t\t\t\t\t<h2 class=\"elementor-heading-title elementor-size-default\">Situation<\/h2>\t\t\t\t<\/div>\n\t\t\t\t<\/div>\n\t\t\t\t<div class=\"elementor-element elementor-element-74f9759 elementor-widget elementor-widget-text-editor\" data-id=\"74f9759\" data-element_type=\"widget\" data-widget_type=\"text-editor.default\">\n\t\t\t\t<div class=\"elementor-widget-container\">\n\t\t\t\t\t\t\t\t\t<p><span class=\"HwtZe\" lang=\"de\"><span class=\"jCAhz ChMk0b\"><span class=\"ryNqvb\">Das Color Design Hotel ist ein charmantes Hotel in Paris im 12. Arrondissement. <\/span><\/span><span class=\"jCAhz ChMk0b\"><span class=\"ryNqvb\">Ein Designhotel in der N\u00e4he des <strong>Gare de Lyon<\/strong><em> (12 Minuten zu Fu\u00df)<\/em> und der <strong>Place de la Bastille<\/strong><em> (15 Minuten zu Fu\u00df)<\/em><\/span><\/span><\/span><\/p>\t\t\t\t\t\t\t\t<\/div>\n\t\t\t\t<\/div>\n\t\t<div class=\"elementor-element elementor-element-68310f6 e-flex e-con-boxed e-con e-child\" data-id=\"68310f6\" data-element_type=\"container\" data-settings=\"{&quot;background_background&quot;:&quot;classic&quot;}\">\n\t\t\t\t\t<div class=\"e-con-inner\">\n\t\t<div class=\"elementor-element elementor-element-cf5746b e-con-full e-flex e-con e-child\" data-id=\"cf5746b\" data-element_type=\"container\">\n\t\t\t\t<div class=\"elementor-element elementor-element-55d8e6d elementor-widget elementor-widget-html\" data-id=\"55d8e6d\" data-element_type=\"widget\" data-widget_type=\"html.default\">\n\t\t\t\t<div class=\"elementor-widget-container\">\n\t\t\t\t\t<iframe style=\"border: 0;\" src=\"https:\/\/www.google.com\/maps\/embed?pb=!1m14!1m8!1m3!1d10501.850507293964!2d2.3810028!3d48.849388!3m2!1i1024!2i768!4f13.1!3m3!1m2!1s0x0%3A0xdf51e68661c317d1!2sColor+Design+Hotel!5e0!3m2!1sfr!2sfr!4v1557900320801!5m2!1sfr!2sfr\" width=\"100%\" height=\"450\" frameborder=\"0\" allowfullscreen=\"allowfullscreen\"><\/iframe>\t\t\t\t<\/div>\n\t\t\t\t<\/div>\n\t\t\t\t<\/div>\n\t\t\t\t\t<\/div>\n\t\t\t\t<\/div>\n\t\t\t\t\t<\/div>\n\t\t\t\t<\/div>\n\t\t<div class=\"elementor-element elementor-element-fbdc5a0 e-con-full e-flex e-con e-parent\" data-id=\"fbdc5a0\" data-element_type=\"container\" data-settings=\"{&quot;background_background&quot;:&quot;gradient&quot;}\">\n\t\t<div class=\"elementor-element elementor-element-0cd4aa3 e-flex e-con-boxed e-con e-child\" data-id=\"0cd4aa3\" data-element_type=\"container\">\n\t\t\t\t\t<div class=\"e-con-inner\">\n\t\t<div class=\"elementor-element elementor-element-1354c12 e-con-full e-flex e-con e-child\" data-id=\"1354c12\" data-element_type=\"container\" data-settings=\"{&quot;background_background&quot;:&quot;classic&quot;}\">\n\t\t\t\t<\/div>\n\t\t<div class=\"elementor-element elementor-element-f4b2343 e-con-full e-flex e-con e-child\" data-id=\"f4b2343\" data-element_type=\"container\">\n\t\t<div class=\"elementor-element elementor-element-765097b e-con-full e-flex e-con e-child\" data-id=\"765097b\" data-element_type=\"container\">\n\t\t\t\t<div class=\"elementor-element elementor-element-8e28f15 elementor-widget elementor-widget-heading\" data-id=\"8e28f15\" data-element_type=\"widget\" data-widget_type=\"heading.default\">\n\t\t\t\t<div class=\"elementor-widget-container\">\n\t\t\t\t\t<h3 class=\"elementor-heading-title elementor-size-default\">Rund um das Color Design Hotel<\/h3>\t\t\t\t<\/div>\n\t\t\t\t<\/div>\n\t\t\t\t<div class=\"elementor-element elementor-element-372977b elementor-widget elementor-widget-text-editor\" data-id=\"372977b\" data-element_type=\"widget\" data-widget_type=\"text-editor.default\">\n\t\t\t\t<div class=\"elementor-widget-container\">\n\t\t\t\t\t\t\t\t\t<strong>Zu Fu\u00df vom Color Design Hotel Paris<\/strong>\n<ul>\n  <li>Gare de Lyon: 12 Minuten<\/li>\n  <li>Place de la Nation: 14 Minuten<\/li>\n  <li>Op\u00e9ra Bastille: 15 Minuten<\/li>\n  <li>Ile Saint Louis: 27 Minuten<\/li>\n  <li>Das Marais: 28 Minuten<\/li>\n<\/ul>\t\t\t\t\t\t\t\t<\/div>\n\t\t\t\t<\/div>\n\t\t\t\t<\/div>\n\t\t<div class=\"elementor-element elementor-element-12a95f1 e-con-full e-flex e-con e-child\" data-id=\"12a95f1\" data-element_type=\"container\" data-settings=\"{&quot;background_background&quot;:&quot;classic&quot;}\">\n\t\t<div class=\"elementor-element elementor-element-51e3a1a e-con-full e-flex e-con e-child\" data-id=\"51e3a1a\" data-element_type=\"container\">\n\t\t\t\t<div class=\"elementor-element elementor-element-8c8ed53 elementor-widget elementor-widget-heading\" data-id=\"8c8ed53\" data-element_type=\"widget\" data-widget_type=\"heading.default\">\n\t\t\t\t<div class=\"elementor-widget-container\">\n\t\t\t\t\t<h3 class=\"elementor-heading-title elementor-size-default\">U-Bahn-Stationen<\/h3>\t\t\t\t<\/div>\n\t\t\t\t<\/div>\n\t\t\t\t<div class=\"elementor-element elementor-element-554ded0 elementor-widget elementor-widget-text-editor\" data-id=\"554ded0\" data-element_type=\"widget\" data-widget_type=\"text-editor.default\">\n\t\t\t\t<div class=\"elementor-widget-container\">\n\t\t\t\t\t\t\t\t\t<p><strong><span class=\"HwtZe\" lang=\"de\"><span class=\"jCAhz ChMk0b\"><span class=\"ryNqvb\">Zu Fu\u00df vom Color Design Hotel Paris<\/span><\/span><\/span><\/strong><\/p>\t\t\t\t\t\t\t\t<\/div>\n\t\t\t\t<\/div>\n\t\t\t\t<div class=\"elementor-element elementor-element-d59d4ca elementor-widget elementor-widget-text-editor\" data-id=\"d59d4ca\" data-element_type=\"widget\" data-widget_type=\"text-editor.default\">\n\t\t\t\t<div class=\"elementor-widget-container\">\n\t\t\t\t\t\t\t\t\t<ul>\n  <li>Faidherbe-Chaligny (Zeile 8): 3 Minuten<\/li>\n  <li>Ledru-Rollin (Zeile 8): 6 Minuten<\/li>\n  <li>Reuilly Diderot (Linien 1 und 8 + RER A): 8 Minuten<\/li>\n  <li>Rue des Boulets (Linie 9): 11 Minuten<\/li>\n  <li>Charonne (Zeile 9): 11 Minuten<\/li>\n  <li>Bahnhof Lyon (Linie 1 und 14 + RER A und RER D): 12 Minuten<\/li>\n  <li>Nation (Zeile 6): 15 Minuten<\/li>\n  <li>Bastille (Zeilen 1,5 und 8): 14 Minuten<\/li>\n<\/ul>\t\t\t\t\t\t\t\t<\/div>\n\t\t\t\t<\/div>\n\t\t\t\t<\/div>\n\t\t\t\t<\/div>\n\t\t\t\t<\/div>\n\t\t\t\t\t<\/div>\n\t\t\t\t<\/div>\n\t\t\t\t<\/div>\n\t\t\t\t<\/div>\n\t\t","protected":false},"excerpt":{"rendered":"<p>3-Sterne-Hotel Paris Situation Das Color Design Hotel ist ein charmantes Hotel in Paris im 12. Arrondissement. Ein Designhotel in der N\u00e4he des Gare de Lyon (12 Minuten zu Fu\u00df) und der Place de la Bastille (15 Minuten zu Fu\u00df) Rund um das Color Design Hotel Zu Fu\u00df vom Color Design Hotel Paris Gare de Lyon: [&hellip;]<\/p>\n","protected":false},"author":2,"featured_media":0,"parent":0,"menu_order":0,"comment_status":"closed","ping_status":"closed","template":"","meta":{"footnotes":""},"class_list":["post-5907","page","type-page","status-publish","hentry"],"yoast_head":"<!-- This site is optimized with the Yoast SEO plugin v27.4 - https:\/\/yoast.com\/product\/yoast-seo-wordpress\/ -->\n<title>Lage - Color Design Hotel Paris - Paris Gare de Lyon - Bastille<\/title>\n<meta name=\"robots\" content=\"index, follow, max-snippet:-1, max-image-preview:large, max-video-preview:-1\" \/>\n<link rel=\"canonical\" href=\"https:\/\/www.colordesign-hotel-paris.com\/de\/lage-2\/\" \/>\n<meta property=\"og:locale\" content=\"de_DE\" \/>\n<meta property=\"og:type\" content=\"article\" \/>\n<meta property=\"og:title\" content=\"Lage - Color Design Hotel Paris - Paris Gare de Lyon - Bastille\" \/>\n<meta property=\"og:description\" content=\"3-Sterne-Hotel Paris Situation Das Color Design Hotel ist ein charmantes Hotel in Paris im 12. Arrondissement. Ein Designhotel in der N\u00e4he des Gare de Lyon (12 Minuten zu Fu\u00df) und der Place de la Bastille (15 Minuten zu Fu\u00df) Rund um das Color Design Hotel Zu Fu\u00df vom Color Design Hotel Paris Gare de Lyon: [&hellip;]\" \/>\n<meta property=\"og:url\" content=\"https:\/\/www.colordesign-hotel-paris.com\/de\/lage-2\/\" \/>\n<meta property=\"og:site_name\" content=\"Color Design Hotel Paris - Paris Gare de Lyon - Bastille\" \/>\n<meta property=\"article:modified_time\" content=\"2024-12-12T15:23:46+00:00\" \/>\n<meta name=\"twitter:card\" content=\"summary_large_image\" \/>\n<meta name=\"twitter:label1\" content=\"Gesch\u00e4tzte Lesezeit\" \/>\n\t<meta name=\"twitter:data1\" content=\"1\u00a0Minute\" \/>\n<script type=\"application\/ld+json\" class=\"yoast-schema-graph\">{\"@context\":\"https:\\\/\\\/schema.org\",\"@graph\":[{\"@type\":\"WebPage\",\"@id\":\"https:\\\/\\\/www.colordesign-hotel-paris.com\\\/de\\\/lage-2\\\/\",\"url\":\"https:\\\/\\\/www.colordesign-hotel-paris.com\\\/de\\\/lage-2\\\/\",\"name\":\"Lage - Color Design Hotel Paris - Paris Gare de Lyon - Bastille\",\"isPartOf\":{\"@id\":\"https:\\\/\\\/www.colordesign-hotel-paris.com\\\/de\\\/#website\"},\"datePublished\":\"2015-12-11T12:19:31+00:00\",\"dateModified\":\"2024-12-12T15:23:46+00:00\",\"breadcrumb\":{\"@id\":\"https:\\\/\\\/www.colordesign-hotel-paris.com\\\/de\\\/lage-2\\\/#breadcrumb\"},\"inLanguage\":\"de\",\"potentialAction\":[{\"@type\":\"ReadAction\",\"target\":[\"https:\\\/\\\/www.colordesign-hotel-paris.com\\\/de\\\/lage-2\\\/\"]}]},{\"@type\":\"BreadcrumbList\",\"@id\":\"https:\\\/\\\/www.colordesign-hotel-paris.com\\\/de\\\/lage-2\\\/#breadcrumb\",\"itemListElement\":[{\"@type\":\"ListItem\",\"position\":1,\"name\":\"Accueil\",\"item\":\"https:\\\/\\\/www.colordesign-hotel-paris.com\\\/de\\\/\"},{\"@type\":\"ListItem\",\"position\":2,\"name\":\"Lage\"}]},{\"@type\":\"WebSite\",\"@id\":\"https:\\\/\\\/www.colordesign-hotel-paris.com\\\/de\\\/#website\",\"url\":\"https:\\\/\\\/www.colordesign-hotel-paris.com\\\/de\\\/\",\"name\":\"Color Design Hotel Paris - Paris Gare de Lyon - Bastille\",\"description\":\"\",\"publisher\":{\"@id\":\"https:\\\/\\\/www.colordesign-hotel-paris.com\\\/de\\\/#organization\"},\"potentialAction\":[{\"@type\":\"SearchAction\",\"target\":{\"@type\":\"EntryPoint\",\"urlTemplate\":\"https:\\\/\\\/www.colordesign-hotel-paris.com\\\/de\\\/?s={search_term_string}\"},\"query-input\":{\"@type\":\"PropertyValueSpecification\",\"valueRequired\":true,\"valueName\":\"search_term_string\"}}],\"inLanguage\":\"de\"},{\"@type\":\"Organization\",\"@id\":\"https:\\\/\\\/www.colordesign-hotel-paris.com\\\/de\\\/#organization\",\"name\":\"Color Design Hotel Paris - Paris Gare de Lyon - Bastille\",\"url\":\"https:\\\/\\\/www.colordesign-hotel-paris.com\\\/de\\\/\",\"logo\":{\"@type\":\"ImageObject\",\"inLanguage\":\"de\",\"@id\":\"https:\\\/\\\/www.colordesign-hotel-paris.com\\\/de\\\/#\\\/schema\\\/logo\\\/image\\\/\",\"url\":\"https:\\\/\\\/www.colordesign-hotel-paris.com\\\/wp-content\\\/uploads\\\/2024\\\/11\\\/logo_hotel_color.png\",\"contentUrl\":\"https:\\\/\\\/www.colordesign-hotel-paris.com\\\/wp-content\\\/uploads\\\/2024\\\/11\\\/logo_hotel_color.png\",\"width\":300,\"height\":150,\"caption\":\"Color Design Hotel Paris - Paris Gare de Lyon - Bastille\"},\"image\":{\"@id\":\"https:\\\/\\\/www.colordesign-hotel-paris.com\\\/de\\\/#\\\/schema\\\/logo\\\/image\\\/\"}}]}<\/script>\n<!-- \/ Yoast SEO plugin. -->","yoast_head_json":{"title":"Lage - Color Design Hotel Paris - Paris Gare de Lyon - Bastille","robots":{"index":"index","follow":"follow","max-snippet":"max-snippet:-1","max-image-preview":"max-image-preview:large","max-video-preview":"max-video-preview:-1"},"canonical":"https:\/\/www.colordesign-hotel-paris.com\/de\/lage-2\/","og_locale":"de_DE","og_type":"article","og_title":"Lage - Color Design Hotel Paris - Paris Gare de Lyon - Bastille","og_description":"3-Sterne-Hotel Paris Situation Das Color Design Hotel ist ein charmantes Hotel in Paris im 12. Arrondissement. Ein Designhotel in der N\u00e4he des Gare de Lyon (12 Minuten zu Fu\u00df) und der Place de la Bastille (15 Minuten zu Fu\u00df) Rund um das Color Design Hotel Zu Fu\u00df vom Color Design Hotel Paris Gare de Lyon: [&hellip;]","og_url":"https:\/\/www.colordesign-hotel-paris.com\/de\/lage-2\/","og_site_name":"Color Design Hotel Paris - Paris Gare de Lyon - Bastille","article_modified_time":"2024-12-12T15:23:46+00:00","twitter_card":"summary_large_image","twitter_misc":{"Gesch\u00e4tzte Lesezeit":"1\u00a0Minute"},"schema":{"@context":"https:\/\/schema.org","@graph":[{"@type":"WebPage","@id":"https:\/\/www.colordesign-hotel-paris.com\/de\/lage-2\/","url":"https:\/\/www.colordesign-hotel-paris.com\/de\/lage-2\/","name":"Lage - Color Design Hotel Paris - Paris Gare de Lyon - Bastille","isPartOf":{"@id":"https:\/\/www.colordesign-hotel-paris.com\/de\/#website"},"datePublished":"2015-12-11T12:19:31+00:00","dateModified":"2024-12-12T15:23:46+00:00","breadcrumb":{"@id":"https:\/\/www.colordesign-hotel-paris.com\/de\/lage-2\/#breadcrumb"},"inLanguage":"de","potentialAction":[{"@type":"ReadAction","target":["https:\/\/www.colordesign-hotel-paris.com\/de\/lage-2\/"]}]},{"@type":"BreadcrumbList","@id":"https:\/\/www.colordesign-hotel-paris.com\/de\/lage-2\/#breadcrumb","itemListElement":[{"@type":"ListItem","position":1,"name":"Accueil","item":"https:\/\/www.colordesign-hotel-paris.com\/de\/"},{"@type":"ListItem","position":2,"name":"Lage"}]},{"@type":"WebSite","@id":"https:\/\/www.colordesign-hotel-paris.com\/de\/#website","url":"https:\/\/www.colordesign-hotel-paris.com\/de\/","name":"Color Design Hotel Paris - Paris Gare de Lyon - Bastille","description":"","publisher":{"@id":"https:\/\/www.colordesign-hotel-paris.com\/de\/#organization"},"potentialAction":[{"@type":"SearchAction","target":{"@type":"EntryPoint","urlTemplate":"https:\/\/www.colordesign-hotel-paris.com\/de\/?s={search_term_string}"},"query-input":{"@type":"PropertyValueSpecification","valueRequired":true,"valueName":"search_term_string"}}],"inLanguage":"de"},{"@type":"Organization","@id":"https:\/\/www.colordesign-hotel-paris.com\/de\/#organization","name":"Color Design Hotel Paris - Paris Gare de Lyon - Bastille","url":"https:\/\/www.colordesign-hotel-paris.com\/de\/","logo":{"@type":"ImageObject","inLanguage":"de","@id":"https:\/\/www.colordesign-hotel-paris.com\/de\/#\/schema\/logo\/image\/","url":"https:\/\/www.colordesign-hotel-paris.com\/wp-content\/uploads\/2024\/11\/logo_hotel_color.png","contentUrl":"https:\/\/www.colordesign-hotel-paris.com\/wp-content\/uploads\/2024\/11\/logo_hotel_color.png","width":300,"height":150,"caption":"Color Design Hotel Paris - Paris Gare de Lyon - Bastille"},"image":{"@id":"https:\/\/www.colordesign-hotel-paris.com\/de\/#\/schema\/logo\/image\/"}}]}},"_links":{"self":[{"href":"https:\/\/www.colordesign-hotel-paris.com\/de\/wp-json\/wp\/v2\/pages\/5907","targetHints":{"allow":["GET"]}}],"collection":[{"href":"https:\/\/www.colordesign-hotel-paris.com\/de\/wp-json\/wp\/v2\/pages"}],"about":[{"href":"https:\/\/www.colordesign-hotel-paris.com\/de\/wp-json\/wp\/v2\/types\/page"}],"author":[{"embeddable":true,"href":"https:\/\/www.colordesign-hotel-paris.com\/de\/wp-json\/wp\/v2\/users\/2"}],"replies":[{"embeddable":true,"href":"https:\/\/www.colordesign-hotel-paris.com\/de\/wp-json\/wp\/v2\/comments?post=5907"}],"version-history":[{"count":7,"href":"https:\/\/www.colordesign-hotel-paris.com\/de\/wp-json\/wp\/v2\/pages\/5907\/revisions"}],"predecessor-version":[{"id":5956,"href":"https:\/\/www.colordesign-hotel-paris.com\/de\/wp-json\/wp\/v2\/pages\/5907\/revisions\/5956"}],"wp:attachment":[{"href":"https:\/\/www.colordesign-hotel-paris.com\/de\/wp-json\/wp\/v2\/media?parent=5907"}],"curies":[{"name":"wp","href":"https:\/\/api.w.org\/{rel}","templated":true}]}}