{"id":908,"date":"2015-12-11T13:19:57","date_gmt":"2015-12-11T12:19:57","guid":{"rendered":"https:\/\/www.colordesign-hotel-paris.com\/\/de\/hotel"},"modified":"2024-11-22T14:41:52","modified_gmt":"2024-11-22T13:41:52","slug":"das-hotel","status":"publish","type":"page","link":"https:\/\/www.colordesign-hotel-paris.com\/de\/das-hotel\/","title":{"rendered":"Das Hotel"},"content":{"rendered":"<p>[one_half]<\/p>\n<h4 class=\"hr\">SERVICE<\/h4>\n<ul>\n<li>Safe, Gep\u00e4ckaufbewahrung an der Rezeption, Concierge, Parkplatz in der N\u00e4he (Zahlung vor Ort), mehrsprachiges Personal, W\u00e4scheservice (Zusatzangebot)<\/li>\n<li>Kontinentales Fr\u00fchst\u00fccksgsbuffet bis 10 Uhr morgens, auf dem Zimmer bis 11 Uhr morgens.<\/li>\n<li>In der N\u00e4he der Stationen Velib\u2019 und Autolib\u2019 (weniger als 100m)<\/li>\n<li>Internet: Kostenfreie Wifi-Verbindung steht in allen Bereichen des Hotels zur Verf\u00fcgung.<\/li>\n<li>Computerecke an der Rezeption.<\/li>\n<li>Haustiere: Haustiere sind in unseren R\u00e4umlichkeiten nicht gestattet.<\/li>\n<li>Reservierungsservice f\u00fcr Shows,, Restaurants, Taxis, Flughafentransfer<\/li>\n<\/ul>\n<p>[\/one_half]<\/p>\n<p>[one_half_last]<\/p>\n<h4 class=\"hr\">STANDORT<\/h4>\n<p>Nicht weit vom Hotel befindet sich der Viadukt der K\u00fcnste, die Promenade Plant\u00e9e, die Oper von Paris-Bastille, Dorf Bercy, der Pavillon von Arsenal und sein Hafen, der Friedhof von Pere Lachaise, der Platz des Vosges und das Hotel von Sully und enfalten Ihren ganzen Charme.<\/p>\n<ul>\n<li>In der N\u00e4he der Stationen Velib\u2019 und Autolib\u2019 (weniger als 100m)<\/li>\n<li>Das Color Design Hotel stellt keine Privatparkpl\u00e4tze zur Verf\u00fcgung. Allerdings k\u00f6nnen wir Ihnen zwei Adressen vorschlagen:<br \/>\n&#8211; <a href=\"http:\/\/www.parkingsdeparis.com\/reservation-place-voiture-parking-Erard.html\" target=\"_blank\">Parkpl\u00e4tze in der Erard<\/a> au 14 rue Erard 75012 Paris, Reservierung \u00fcber Internet bringen Preisvorteile<br \/>\n&#8211; Vinci Park au 82 bis rue Ledru Rollin 75012 Paris<\/li>\n<\/ul>\n<p>[\/one_half_last]<\/p>\n","protected":false},"excerpt":{"rendered":"<p>[one_half] SERVICE Safe, Gep\u00e4ckaufbewahrung an der Rezeption, Concierge, Parkplatz in der N\u00e4he (Zahlung vor Ort), mehrsprachiges Personal, W\u00e4scheservice (Zusatzangebot) Kontinentales Fr\u00fchst\u00fccksgsbuffet bis 10 Uhr morgens, auf dem Zimmer bis 11 Uhr morgens. In der N\u00e4he der Stationen Velib\u2019 und Autolib\u2019 (weniger als 100m) Internet: Kostenfreie Wifi-Verbindung steht in allen Bereichen des Hotels zur Verf\u00fcgung. Computerecke [&hellip;]<\/p>\n","protected":false},"author":1,"featured_media":0,"parent":0,"menu_order":0,"comment_status":"closed","ping_status":"closed","template":"","meta":{"footnotes":""},"class_list":["post-908","page","type-page","status-publish","hentry"],"yoast_head":"<!-- This site is optimized with the Yoast SEO plugin v27.4 - https:\/\/yoast.com\/product\/yoast-seo-wordpress\/ -->\n<title>Das Hotel - Color Design Hotel Paris - Paris Gare de Lyon - Bastille<\/title>\n<meta name=\"robots\" content=\"index, follow, max-snippet:-1, max-image-preview:large, max-video-preview:-1\" \/>\n<link rel=\"canonical\" href=\"https:\/\/www.colordesign-hotel-paris.com\/de\/das-hotel\/\" \/>\n<meta property=\"og:locale\" content=\"de_DE\" \/>\n<meta property=\"og:type\" content=\"article\" \/>\n<meta property=\"og:title\" content=\"Das Hotel - Color Design Hotel Paris - Paris Gare de Lyon - Bastille\" \/>\n<meta property=\"og:description\" content=\"[one_half] SERVICE Safe, Gep\u00e4ckaufbewahrung an der Rezeption, Concierge, Parkplatz in der N\u00e4he (Zahlung vor Ort), mehrsprachiges Personal, W\u00e4scheservice (Zusatzangebot) Kontinentales Fr\u00fchst\u00fccksgsbuffet bis 10 Uhr morgens, auf dem Zimmer bis 11 Uhr morgens. In der N\u00e4he der Stationen Velib\u2019 und Autolib\u2019 (weniger als 100m) Internet: Kostenfreie Wifi-Verbindung steht in allen Bereichen des Hotels zur Verf\u00fcgung. Computerecke [&hellip;]\" \/>\n<meta property=\"og:url\" content=\"https:\/\/www.colordesign-hotel-paris.com\/de\/das-hotel\/\" \/>\n<meta property=\"og:site_name\" content=\"Color Design Hotel Paris - Paris Gare de Lyon - Bastille\" \/>\n<meta property=\"article:modified_time\" content=\"2024-11-22T13:41:52+00:00\" \/>\n<meta name=\"twitter:card\" content=\"summary_large_image\" \/>\n<meta name=\"twitter:label1\" content=\"Gesch\u00e4tzte Lesezeit\" \/>\n\t<meta name=\"twitter:data1\" content=\"1\u00a0Minute\" \/>\n<script type=\"application\/ld+json\" class=\"yoast-schema-graph\">{\"@context\":\"https:\\\/\\\/schema.org\",\"@graph\":[{\"@type\":\"WebPage\",\"@id\":\"https:\\\/\\\/www.colordesign-hotel-paris.com\\\/de\\\/das-hotel\\\/\",\"url\":\"https:\\\/\\\/www.colordesign-hotel-paris.com\\\/de\\\/das-hotel\\\/\",\"name\":\"Das Hotel - Color Design Hotel Paris - Paris Gare de Lyon - Bastille\",\"isPartOf\":{\"@id\":\"https:\\\/\\\/www.colordesign-hotel-paris.com\\\/de\\\/#website\"},\"datePublished\":\"2015-12-11T12:19:57+00:00\",\"dateModified\":\"2024-11-22T13:41:52+00:00\",\"breadcrumb\":{\"@id\":\"https:\\\/\\\/www.colordesign-hotel-paris.com\\\/de\\\/das-hotel\\\/#breadcrumb\"},\"inLanguage\":\"de\",\"potentialAction\":[{\"@type\":\"ReadAction\",\"target\":[\"https:\\\/\\\/www.colordesign-hotel-paris.com\\\/de\\\/das-hotel\\\/\"]}]},{\"@type\":\"BreadcrumbList\",\"@id\":\"https:\\\/\\\/www.colordesign-hotel-paris.com\\\/de\\\/das-hotel\\\/#breadcrumb\",\"itemListElement\":[{\"@type\":\"ListItem\",\"position\":1,\"name\":\"Accueil\",\"item\":\"https:\\\/\\\/www.colordesign-hotel-paris.com\\\/de\\\/\"},{\"@type\":\"ListItem\",\"position\":2,\"name\":\"Das Hotel\"}]},{\"@type\":\"WebSite\",\"@id\":\"https:\\\/\\\/www.colordesign-hotel-paris.com\\\/de\\\/#website\",\"url\":\"https:\\\/\\\/www.colordesign-hotel-paris.com\\\/de\\\/\",\"name\":\"Color Design Hotel Paris - Paris Gare de Lyon - Bastille\",\"description\":\"\",\"publisher\":{\"@id\":\"https:\\\/\\\/www.colordesign-hotel-paris.com\\\/de\\\/#organization\"},\"potentialAction\":[{\"@type\":\"SearchAction\",\"target\":{\"@type\":\"EntryPoint\",\"urlTemplate\":\"https:\\\/\\\/www.colordesign-hotel-paris.com\\\/de\\\/?s={search_term_string}\"},\"query-input\":{\"@type\":\"PropertyValueSpecification\",\"valueRequired\":true,\"valueName\":\"search_term_string\"}}],\"inLanguage\":\"de\"},{\"@type\":\"Organization\",\"@id\":\"https:\\\/\\\/www.colordesign-hotel-paris.com\\\/de\\\/#organization\",\"name\":\"Color Design Hotel Paris - Paris Gare de Lyon - Bastille\",\"url\":\"https:\\\/\\\/www.colordesign-hotel-paris.com\\\/de\\\/\",\"logo\":{\"@type\":\"ImageObject\",\"inLanguage\":\"de\",\"@id\":\"https:\\\/\\\/www.colordesign-hotel-paris.com\\\/de\\\/#\\\/schema\\\/logo\\\/image\\\/\",\"url\":\"https:\\\/\\\/www.colordesign-hotel-paris.com\\\/wp-content\\\/uploads\\\/2024\\\/11\\\/logo_hotel_color.png\",\"contentUrl\":\"https:\\\/\\\/www.colordesign-hotel-paris.com\\\/wp-content\\\/uploads\\\/2024\\\/11\\\/logo_hotel_color.png\",\"width\":300,\"height\":150,\"caption\":\"Color Design Hotel Paris - Paris Gare de Lyon - Bastille\"},\"image\":{\"@id\":\"https:\\\/\\\/www.colordesign-hotel-paris.com\\\/de\\\/#\\\/schema\\\/logo\\\/image\\\/\"}}]}<\/script>\n<!-- \/ Yoast SEO plugin. -->","yoast_head_json":{"title":"Das Hotel - Color Design Hotel Paris - Paris Gare de Lyon - Bastille","robots":{"index":"index","follow":"follow","max-snippet":"max-snippet:-1","max-image-preview":"max-image-preview:large","max-video-preview":"max-video-preview:-1"},"canonical":"https:\/\/www.colordesign-hotel-paris.com\/de\/das-hotel\/","og_locale":"de_DE","og_type":"article","og_title":"Das Hotel - Color Design Hotel Paris - Paris Gare de Lyon - Bastille","og_description":"[one_half] SERVICE Safe, Gep\u00e4ckaufbewahrung an der Rezeption, Concierge, Parkplatz in der N\u00e4he (Zahlung vor Ort), mehrsprachiges Personal, W\u00e4scheservice (Zusatzangebot) Kontinentales Fr\u00fchst\u00fccksgsbuffet bis 10 Uhr morgens, auf dem Zimmer bis 11 Uhr morgens. In der N\u00e4he der Stationen Velib\u2019 und Autolib\u2019 (weniger als 100m) Internet: Kostenfreie Wifi-Verbindung steht in allen Bereichen des Hotels zur Verf\u00fcgung. Computerecke [&hellip;]","og_url":"https:\/\/www.colordesign-hotel-paris.com\/de\/das-hotel\/","og_site_name":"Color Design Hotel Paris - Paris Gare de Lyon - Bastille","article_modified_time":"2024-11-22T13:41:52+00:00","twitter_card":"summary_large_image","twitter_misc":{"Gesch\u00e4tzte Lesezeit":"1\u00a0Minute"},"schema":{"@context":"https:\/\/schema.org","@graph":[{"@type":"WebPage","@id":"https:\/\/www.colordesign-hotel-paris.com\/de\/das-hotel\/","url":"https:\/\/www.colordesign-hotel-paris.com\/de\/das-hotel\/","name":"Das Hotel - Color Design Hotel Paris - Paris Gare de Lyon - Bastille","isPartOf":{"@id":"https:\/\/www.colordesign-hotel-paris.com\/de\/#website"},"datePublished":"2015-12-11T12:19:57+00:00","dateModified":"2024-11-22T13:41:52+00:00","breadcrumb":{"@id":"https:\/\/www.colordesign-hotel-paris.com\/de\/das-hotel\/#breadcrumb"},"inLanguage":"de","potentialAction":[{"@type":"ReadAction","target":["https:\/\/www.colordesign-hotel-paris.com\/de\/das-hotel\/"]}]},{"@type":"BreadcrumbList","@id":"https:\/\/www.colordesign-hotel-paris.com\/de\/das-hotel\/#breadcrumb","itemListElement":[{"@type":"ListItem","position":1,"name":"Accueil","item":"https:\/\/www.colordesign-hotel-paris.com\/de\/"},{"@type":"ListItem","position":2,"name":"Das Hotel"}]},{"@type":"WebSite","@id":"https:\/\/www.colordesign-hotel-paris.com\/de\/#website","url":"https:\/\/www.colordesign-hotel-paris.com\/de\/","name":"Color Design Hotel Paris - Paris Gare de Lyon - Bastille","description":"","publisher":{"@id":"https:\/\/www.colordesign-hotel-paris.com\/de\/#organization"},"potentialAction":[{"@type":"SearchAction","target":{"@type":"EntryPoint","urlTemplate":"https:\/\/www.colordesign-hotel-paris.com\/de\/?s={search_term_string}"},"query-input":{"@type":"PropertyValueSpecification","valueRequired":true,"valueName":"search_term_string"}}],"inLanguage":"de"},{"@type":"Organization","@id":"https:\/\/www.colordesign-hotel-paris.com\/de\/#organization","name":"Color Design Hotel Paris - Paris Gare de Lyon - Bastille","url":"https:\/\/www.colordesign-hotel-paris.com\/de\/","logo":{"@type":"ImageObject","inLanguage":"de","@id":"https:\/\/www.colordesign-hotel-paris.com\/de\/#\/schema\/logo\/image\/","url":"https:\/\/www.colordesign-hotel-paris.com\/wp-content\/uploads\/2024\/11\/logo_hotel_color.png","contentUrl":"https:\/\/www.colordesign-hotel-paris.com\/wp-content\/uploads\/2024\/11\/logo_hotel_color.png","width":300,"height":150,"caption":"Color Design Hotel Paris - Paris Gare de Lyon - Bastille"},"image":{"@id":"https:\/\/www.colordesign-hotel-paris.com\/de\/#\/schema\/logo\/image\/"}}]}},"_links":{"self":[{"href":"https:\/\/www.colordesign-hotel-paris.com\/de\/wp-json\/wp\/v2\/pages\/908","targetHints":{"allow":["GET"]}}],"collection":[{"href":"https:\/\/www.colordesign-hotel-paris.com\/de\/wp-json\/wp\/v2\/pages"}],"about":[{"href":"https:\/\/www.colordesign-hotel-paris.com\/de\/wp-json\/wp\/v2\/types\/page"}],"author":[{"embeddable":true,"href":"https:\/\/www.colordesign-hotel-paris.com\/de\/wp-json\/wp\/v2\/users\/1"}],"replies":[{"embeddable":true,"href":"https:\/\/www.colordesign-hotel-paris.com\/de\/wp-json\/wp\/v2\/comments?post=908"}],"version-history":[{"count":1,"href":"https:\/\/www.colordesign-hotel-paris.com\/de\/wp-json\/wp\/v2\/pages\/908\/revisions"}],"predecessor-version":[{"id":2542,"href":"https:\/\/www.colordesign-hotel-paris.com\/de\/wp-json\/wp\/v2\/pages\/908\/revisions\/2542"}],"wp:attachment":[{"href":"https:\/\/www.colordesign-hotel-paris.com\/de\/wp-json\/wp\/v2\/media?parent=908"}],"curies":[{"name":"wp","href":"https:\/\/api.w.org\/{rel}","templated":true}]}}