{"id":929,"date":"2016-01-20T16:21:23","date_gmt":"2016-01-20T15:21:23","guid":{"rendered":"https:\/\/www.colordesign-hotel-paris.com\/\/de\/zimmer\/double-standard"},"modified":"2024-11-22T15:05:31","modified_gmt":"2024-11-22T14:05:31","slug":"doppelzimmer","status":"publish","type":"page","link":"https:\/\/www.colordesign-hotel-paris.com\/de\/zimmer\/doppelzimmer\/","title":{"rendered":"Doppelzimmer"},"content":{"rendered":"<p>[two_third]<br \/>\n[rev_slider alias=&#8220;cdouble&#8220;]<br \/>\n[\/two_third]<br \/>\n[one_third_last]<\/p>\n<h3>DOPPELZIMMER<\/h3>\n<p class=\"hr\"><strong>2 Personen | 1 doppelbett<\/strong><\/p>\n<p>Die 46 farbenfrohe Zimmer unseres Hauses sind eine wahrhaftige Einladung zur Entspannung und Erholung, um neue Energie f\u00fcr die Erkundung der Stra\u00dfen in Paris zu tanken. Entdecken Sie unsere farbenfrohen Zimmer mit ihrer subtilen Beleuchtung und einem einpr\u00e4genden Mosaik in den Badezimmern.<\/p>\n<p>[flat_button text=&#8220;PREISE EINSEHEN&#8220; title=&#8220;PREISE EINSEHEN&#8220; url=&#8220;http:\/\/www.secure-hotel-booking.com\/Color-Design-Hotel\/2433\/dateselection?language=de&#8220; padding=&#8220;14px 36px&#8220; bg_color=&#8220;#6F5292&#8243; border_color=&#8220;#6F5292&#8243; border_width=&#8220;1px&#8220; text_color=&#8220;#FFFFFF&#8220; text_size=&#8220;14px&#8220; align=&#8220;left&#8220; target=&#8220;_blank&#8220;]<br \/>\n[flat_button text=&#8220;ANGEBOTE&#8220; title=&#8220;ANGEBOTE&#8220; url=&#8220;https:\/\/www.colordesign-hotel-paris.com\/de\/angebote\/&#8220; padding=&#8220;14px 36px&#8220; bg_color=&#8220;#6F5292&#8243; border_color=&#8220;#6F5292&#8243; border_width=&#8220;1px&#8220; text_color=&#8220;#FFFFFF&#8220; text_size=&#8220;14px&#8220; align=&#8220;left&#8220;]<\/p>\n<p>[\/one_third_last]<\/p>\n<div class=\"clear\"><\/div>\n<p>[content_block bg_color=&#8220;#eeeeee&#8220; max_bg_width=&#8220;yes&#8220; content_padding=&#8220;30px 0&#8243;]<\/p>\n<h3 class=\"hr\">Dienste und Ausr\u00fcstungen<\/h3>\n<p>[one_half]<\/p>\n<ul>\n<li>Kostenfreies Wifi<\/li>\n<li>Safe<\/li>\n<li>Klimaanlage<\/li>\n<li>Badewanne oder Dusche<\/li>\n<li>Radio<\/li>\n<li>Flachbildschirm &#8222;SMART TV&#8220;<\/li>\n<li>Internationale Sender<\/li>\n<\/ul>\n<p>[\/one_half]<br \/>\n[one_half_last]<\/p>\n<ul>\n<li>iPod-Station (auf Anfrage an der Rezeption)<\/li>\n<li>Telefon<\/li>\n<li>Hygieneartikel<\/li>\n<li>F\u00f6hn<\/li>\n<li>Nichtraucherzimmer<\/li>\n<li>Fenster mit Doppelverglasung<\/li>\n<\/ul>\n<p>[\/one_half_last]<br \/>\n [\/content_block]<\/p>\n<div class=\"clear\"><\/div>\n<p>[content_block bg_color=&#8220;#6f5292&#8243; max_bg_width=&#8220;yes&#8220; content_padding=&#8220;30px 0&#8243; font_color=&#8220;#FFFFFF&#8220;]<br \/>\n[one_fourth]<\/p>\n<p style=\"text-align: center;\"><a href=\"https:\/\/www.colordesign-hotel-paris.com\/de\/zimmer\/einzelzimmere\" rel=\"attachment wp-att-214\"><img fetchpriority=\"high\" decoding=\"async\" class=\"aligncenter size-full wp-image-214\" src=\"https:\/\/www.colordesign-hotel-paris.com\/wp-content\/uploads\/2016\/01\/209141.jpg\" alt=\"chambre-simple\" width=\"750\" height=\"497\" \/><\/a><br \/>\n<span style=\"font-size: 22px; text-align: center; color: #ffffff;\"><a style=\"color: #ffffff;\" href=\"https:\/\/www.colordesign-hotel-paris.com\/de\/zimmer\/einzelzimmere\">EINZELZIMMER<\/a><\/span><\/p>\n<p>[\/one_fourth]<\/p>\n<p>[one_fourth]<\/p>\n<p style=\"text-align: center;\"><a href=\"https:\/\/www.colordesign-hotel-paris.com\/de\/zimmer\/doppelzimmer\" rel=\"attachment wp-att-214\"><img decoding=\"async\" class=\"aligncenter size-full wp-image-214\" src=\"https:\/\/www.colordesign-hotel-paris.com\/wp-content\/uploads\/2016\/01\/chambre-double-01.jpg\" alt=\"chambre\" width=\"750\" height=\"497\" \/><\/a><br \/>\n<span style=\"font-size: 22px; text-align: center;\"><a style=\"color: #ffffff;\" href=\"https:\/\/www.colordesign-hotel-paris.com\/de\/zimmer\/doppelzimmer\">DOPPELZIMMER<\/a><\/span><\/p>\n<p>[\/one_fourth]<\/p>\n<p>[one_fourth]<\/p>\n<p style=\"text-align: center;\"><a href=\"https:\/\/www.colordesign-hotel-paris.com\/de\/zimmer\/zimmer-mit-2-einzelbetten\" rel=\"attachment wp-att-214\"><img decoding=\"async\" class=\"aligncenter size-full wp-image-214\" src=\"https:\/\/www.colordesign-hotel-paris.com\/wp-content\/uploads\/2016\/01\/chambre-twin-02.jpg\" alt=\"chambre\" width=\"750\" height=\"497\" \/><\/a><br \/>\n<span style=\"font-size: 22px; text-align: center; color: #6f5292;\"><a style=\"color: #ffffff;\" href=\"https:\/\/www.colordesign-hotel-paris.com\/de\/zimmer\/zimmer-mit-2-einzelbetten\">ZIMMER MIT 2 EINZELBETTEN<\/a><\/span><\/p>\n<p>[\/one_fourth]<br \/>\n[one_fourth_last]<\/p>\n<p style=\"text-align: center;\"><a href=\"https:\/\/www.colordesign-hotel-paris.com\/de\/zimmer\/doppel-deluxe\" rel=\"attachment wp-att-214\"><img loading=\"lazy\" decoding=\"async\" class=\"aligncenter size-full wp-image-214\" src=\"https:\/\/www.colordesign-hotel-paris.com\/wp-content\/uploads\/2016\/01\/double-de-luxe-01.jpg\" alt=\"chambre\" width=\"750\" height=\"497\" \/><\/a><br \/>\n<span style=\"font-size: 22px; text-align: center; color: #6f5292;\"><a style=\"color: #ffffff;\" href=\"https:\/\/www.colordesign-hotel-paris.com\/de\/zimmer\/doppel-deluxe\">DOPPEL DELUXE<\/a><\/span><\/p>\n<p>[\/one_fourth_last]<br \/>\n [\/content_block]<\/p>\n","protected":false},"excerpt":{"rendered":"<p>[two_third] [rev_slider alias=&#8220;cdouble&#8220;] [\/two_third] [one_third_last] DOPPELZIMMER 2 Personen | 1 doppelbett Die 46 farbenfrohe Zimmer unseres Hauses sind eine wahrhaftige Einladung zur Entspannung und Erholung, um neue Energie f\u00fcr die Erkundung der Stra\u00dfen in Paris zu tanken. Entdecken Sie unsere farbenfrohen Zimmer mit ihrer subtilen Beleuchtung und einem einpr\u00e4genden Mosaik in den Badezimmern. [flat_button text=&#8220;PREISE [&hellip;]<\/p>\n","protected":false},"author":2,"featured_media":0,"parent":919,"menu_order":0,"comment_status":"closed","ping_status":"closed","template":"","meta":{"footnotes":""},"class_list":["post-929","page","type-page","status-publish","hentry"],"yoast_head":"<!-- This site is optimized with the Yoast SEO plugin v27.6 - https:\/\/yoast.com\/product\/yoast-seo-wordpress\/ -->\n<title>Doppelzimmer - Color Design Hotel Paris - Paris Gare de Lyon - Bastille<\/title>\n<meta name=\"robots\" content=\"index, follow, max-snippet:-1, max-image-preview:large, max-video-preview:-1\" \/>\n<link rel=\"canonical\" href=\"https:\/\/www.colordesign-hotel-paris.com\/de\/zimmer\/doppelzimmer\/\" \/>\n<meta property=\"og:locale\" content=\"de_DE\" \/>\n<meta property=\"og:type\" content=\"article\" \/>\n<meta property=\"og:title\" content=\"Doppelzimmer - Color Design Hotel Paris - Paris Gare de Lyon - Bastille\" \/>\n<meta property=\"og:description\" content=\"[two_third] [rev_slider alias=&#8220;cdouble&#8220;] [\/two_third] [one_third_last] DOPPELZIMMER 2 Personen | 1 doppelbett Die 46 farbenfrohe Zimmer unseres Hauses sind eine wahrhaftige Einladung zur Entspannung und Erholung, um neue Energie f\u00fcr die Erkundung der Stra\u00dfen in Paris zu tanken. Entdecken Sie unsere farbenfrohen Zimmer mit ihrer subtilen Beleuchtung und einem einpr\u00e4genden Mosaik in den Badezimmern. [flat_button text=&#8220;PREISE [&hellip;]\" \/>\n<meta property=\"og:url\" content=\"https:\/\/www.colordesign-hotel-paris.com\/de\/zimmer\/doppelzimmer\/\" \/>\n<meta property=\"og:site_name\" content=\"Color Design Hotel Paris - Paris Gare de Lyon - Bastille\" \/>\n<meta property=\"article:modified_time\" content=\"2024-11-22T14:05:31+00:00\" \/>\n<meta property=\"og:image\" content=\"https:\/\/www.colordesign-hotel-paris.com\/wp-content\/uploads\/2016\/01\/209141.jpg\" \/>\n<meta name=\"twitter:card\" content=\"summary_large_image\" \/>\n<meta name=\"twitter:label1\" content=\"Gesch\u00e4tzte Lesezeit\" \/>\n\t<meta name=\"twitter:data1\" content=\"2\u00a0Minuten\" \/>\n<script type=\"application\/ld+json\" class=\"yoast-schema-graph\">{\"@context\":\"https:\\\/\\\/schema.org\",\"@graph\":[{\"@type\":\"WebPage\",\"@id\":\"https:\\\/\\\/www.colordesign-hotel-paris.com\\\/de\\\/zimmer\\\/doppelzimmer\\\/\",\"url\":\"https:\\\/\\\/www.colordesign-hotel-paris.com\\\/de\\\/zimmer\\\/doppelzimmer\\\/\",\"name\":\"Doppelzimmer - Color Design Hotel Paris - Paris Gare de Lyon - Bastille\",\"isPartOf\":{\"@id\":\"https:\\\/\\\/www.colordesign-hotel-paris.com\\\/de\\\/#website\"},\"primaryImageOfPage\":{\"@id\":\"https:\\\/\\\/www.colordesign-hotel-paris.com\\\/de\\\/zimmer\\\/doppelzimmer\\\/#primaryimage\"},\"image\":{\"@id\":\"https:\\\/\\\/www.colordesign-hotel-paris.com\\\/de\\\/zimmer\\\/doppelzimmer\\\/#primaryimage\"},\"thumbnailUrl\":\"https:\\\/\\\/www.colordesign-hotel-paris.com\\\/wp-content\\\/uploads\\\/2016\\\/01\\\/209141.jpg\",\"datePublished\":\"2016-01-20T15:21:23+00:00\",\"dateModified\":\"2024-11-22T14:05:31+00:00\",\"breadcrumb\":{\"@id\":\"https:\\\/\\\/www.colordesign-hotel-paris.com\\\/de\\\/zimmer\\\/doppelzimmer\\\/#breadcrumb\"},\"inLanguage\":\"de\",\"potentialAction\":[{\"@type\":\"ReadAction\",\"target\":[\"https:\\\/\\\/www.colordesign-hotel-paris.com\\\/de\\\/zimmer\\\/doppelzimmer\\\/\"]}]},{\"@type\":\"ImageObject\",\"inLanguage\":\"de\",\"@id\":\"https:\\\/\\\/www.colordesign-hotel-paris.com\\\/de\\\/zimmer\\\/doppelzimmer\\\/#primaryimage\",\"url\":\"https:\\\/\\\/www.colordesign-hotel-paris.com\\\/wp-content\\\/uploads\\\/2016\\\/01\\\/209141.jpg\",\"contentUrl\":\"https:\\\/\\\/www.colordesign-hotel-paris.com\\\/wp-content\\\/uploads\\\/2016\\\/01\\\/209141.jpg\"},{\"@type\":\"BreadcrumbList\",\"@id\":\"https:\\\/\\\/www.colordesign-hotel-paris.com\\\/de\\\/zimmer\\\/doppelzimmer\\\/#breadcrumb\",\"itemListElement\":[{\"@type\":\"ListItem\",\"position\":1,\"name\":\"Accueil\",\"item\":\"https:\\\/\\\/www.colordesign-hotel-paris.com\\\/de\\\/\"},{\"@type\":\"ListItem\",\"position\":2,\"name\":\"Zimmer\",\"item\":\"https:\\\/\\\/www.colordesign-hotel-paris.com\\\/de\\\/zimmer\\\/\"},{\"@type\":\"ListItem\",\"position\":3,\"name\":\"Doppelzimmer\"}]},{\"@type\":\"WebSite\",\"@id\":\"https:\\\/\\\/www.colordesign-hotel-paris.com\\\/de\\\/#website\",\"url\":\"https:\\\/\\\/www.colordesign-hotel-paris.com\\\/de\\\/\",\"name\":\"Color Design Hotel Paris - Paris Gare de Lyon - Bastille\",\"description\":\"\",\"publisher\":{\"@id\":\"https:\\\/\\\/www.colordesign-hotel-paris.com\\\/de\\\/#organization\"},\"potentialAction\":[{\"@type\":\"SearchAction\",\"target\":{\"@type\":\"EntryPoint\",\"urlTemplate\":\"https:\\\/\\\/www.colordesign-hotel-paris.com\\\/de\\\/?s={search_term_string}\"},\"query-input\":{\"@type\":\"PropertyValueSpecification\",\"valueRequired\":true,\"valueName\":\"search_term_string\"}}],\"inLanguage\":\"de\"},{\"@type\":\"Organization\",\"@id\":\"https:\\\/\\\/www.colordesign-hotel-paris.com\\\/de\\\/#organization\",\"name\":\"Color Design Hotel Paris - Paris Gare de Lyon - Bastille\",\"url\":\"https:\\\/\\\/www.colordesign-hotel-paris.com\\\/de\\\/\",\"logo\":{\"@type\":\"ImageObject\",\"inLanguage\":\"de\",\"@id\":\"https:\\\/\\\/www.colordesign-hotel-paris.com\\\/de\\\/#\\\/schema\\\/logo\\\/image\\\/\",\"url\":\"https:\\\/\\\/www.colordesign-hotel-paris.com\\\/wp-content\\\/uploads\\\/2024\\\/11\\\/logo_hotel_color.png\",\"contentUrl\":\"https:\\\/\\\/www.colordesign-hotel-paris.com\\\/wp-content\\\/uploads\\\/2024\\\/11\\\/logo_hotel_color.png\",\"width\":300,\"height\":150,\"caption\":\"Color Design Hotel Paris - Paris Gare de Lyon - Bastille\"},\"image\":{\"@id\":\"https:\\\/\\\/www.colordesign-hotel-paris.com\\\/de\\\/#\\\/schema\\\/logo\\\/image\\\/\"}}]}<\/script>\n<!-- \/ Yoast SEO plugin. -->","yoast_head_json":{"title":"Doppelzimmer - Color Design Hotel Paris - Paris Gare de Lyon - Bastille","robots":{"index":"index","follow":"follow","max-snippet":"max-snippet:-1","max-image-preview":"max-image-preview:large","max-video-preview":"max-video-preview:-1"},"canonical":"https:\/\/www.colordesign-hotel-paris.com\/de\/zimmer\/doppelzimmer\/","og_locale":"de_DE","og_type":"article","og_title":"Doppelzimmer - Color Design Hotel Paris - Paris Gare de Lyon - Bastille","og_description":"[two_third] [rev_slider alias=&#8220;cdouble&#8220;] [\/two_third] [one_third_last] DOPPELZIMMER 2 Personen | 1 doppelbett Die 46 farbenfrohe Zimmer unseres Hauses sind eine wahrhaftige Einladung zur Entspannung und Erholung, um neue Energie f\u00fcr die Erkundung der Stra\u00dfen in Paris zu tanken. Entdecken Sie unsere farbenfrohen Zimmer mit ihrer subtilen Beleuchtung und einem einpr\u00e4genden Mosaik in den Badezimmern. [flat_button text=&#8220;PREISE [&hellip;]","og_url":"https:\/\/www.colordesign-hotel-paris.com\/de\/zimmer\/doppelzimmer\/","og_site_name":"Color Design Hotel Paris - Paris Gare de Lyon - Bastille","article_modified_time":"2024-11-22T14:05:31+00:00","og_image":[{"url":"https:\/\/www.colordesign-hotel-paris.com\/wp-content\/uploads\/2016\/01\/209141.jpg","type":"","width":"","height":""}],"twitter_card":"summary_large_image","twitter_misc":{"Gesch\u00e4tzte Lesezeit":"2\u00a0Minuten"},"schema":{"@context":"https:\/\/schema.org","@graph":[{"@type":"WebPage","@id":"https:\/\/www.colordesign-hotel-paris.com\/de\/zimmer\/doppelzimmer\/","url":"https:\/\/www.colordesign-hotel-paris.com\/de\/zimmer\/doppelzimmer\/","name":"Doppelzimmer - Color Design Hotel Paris - Paris Gare de Lyon - Bastille","isPartOf":{"@id":"https:\/\/www.colordesign-hotel-paris.com\/de\/#website"},"primaryImageOfPage":{"@id":"https:\/\/www.colordesign-hotel-paris.com\/de\/zimmer\/doppelzimmer\/#primaryimage"},"image":{"@id":"https:\/\/www.colordesign-hotel-paris.com\/de\/zimmer\/doppelzimmer\/#primaryimage"},"thumbnailUrl":"https:\/\/www.colordesign-hotel-paris.com\/wp-content\/uploads\/2016\/01\/209141.jpg","datePublished":"2016-01-20T15:21:23+00:00","dateModified":"2024-11-22T14:05:31+00:00","breadcrumb":{"@id":"https:\/\/www.colordesign-hotel-paris.com\/de\/zimmer\/doppelzimmer\/#breadcrumb"},"inLanguage":"de","potentialAction":[{"@type":"ReadAction","target":["https:\/\/www.colordesign-hotel-paris.com\/de\/zimmer\/doppelzimmer\/"]}]},{"@type":"ImageObject","inLanguage":"de","@id":"https:\/\/www.colordesign-hotel-paris.com\/de\/zimmer\/doppelzimmer\/#primaryimage","url":"https:\/\/www.colordesign-hotel-paris.com\/wp-content\/uploads\/2016\/01\/209141.jpg","contentUrl":"https:\/\/www.colordesign-hotel-paris.com\/wp-content\/uploads\/2016\/01\/209141.jpg"},{"@type":"BreadcrumbList","@id":"https:\/\/www.colordesign-hotel-paris.com\/de\/zimmer\/doppelzimmer\/#breadcrumb","itemListElement":[{"@type":"ListItem","position":1,"name":"Accueil","item":"https:\/\/www.colordesign-hotel-paris.com\/de\/"},{"@type":"ListItem","position":2,"name":"Zimmer","item":"https:\/\/www.colordesign-hotel-paris.com\/de\/zimmer\/"},{"@type":"ListItem","position":3,"name":"Doppelzimmer"}]},{"@type":"WebSite","@id":"https:\/\/www.colordesign-hotel-paris.com\/de\/#website","url":"https:\/\/www.colordesign-hotel-paris.com\/de\/","name":"Color Design Hotel Paris - Paris Gare de Lyon - Bastille","description":"","publisher":{"@id":"https:\/\/www.colordesign-hotel-paris.com\/de\/#organization"},"potentialAction":[{"@type":"SearchAction","target":{"@type":"EntryPoint","urlTemplate":"https:\/\/www.colordesign-hotel-paris.com\/de\/?s={search_term_string}"},"query-input":{"@type":"PropertyValueSpecification","valueRequired":true,"valueName":"search_term_string"}}],"inLanguage":"de"},{"@type":"Organization","@id":"https:\/\/www.colordesign-hotel-paris.com\/de\/#organization","name":"Color Design Hotel Paris - Paris Gare de Lyon - Bastille","url":"https:\/\/www.colordesign-hotel-paris.com\/de\/","logo":{"@type":"ImageObject","inLanguage":"de","@id":"https:\/\/www.colordesign-hotel-paris.com\/de\/#\/schema\/logo\/image\/","url":"https:\/\/www.colordesign-hotel-paris.com\/wp-content\/uploads\/2024\/11\/logo_hotel_color.png","contentUrl":"https:\/\/www.colordesign-hotel-paris.com\/wp-content\/uploads\/2024\/11\/logo_hotel_color.png","width":300,"height":150,"caption":"Color Design Hotel Paris - Paris Gare de Lyon - Bastille"},"image":{"@id":"https:\/\/www.colordesign-hotel-paris.com\/de\/#\/schema\/logo\/image\/"}}]}},"_links":{"self":[{"href":"https:\/\/www.colordesign-hotel-paris.com\/de\/wp-json\/wp\/v2\/pages\/929","targetHints":{"allow":["GET"]}}],"collection":[{"href":"https:\/\/www.colordesign-hotel-paris.com\/de\/wp-json\/wp\/v2\/pages"}],"about":[{"href":"https:\/\/www.colordesign-hotel-paris.com\/de\/wp-json\/wp\/v2\/types\/page"}],"author":[{"embeddable":true,"href":"https:\/\/www.colordesign-hotel-paris.com\/de\/wp-json\/wp\/v2\/users\/2"}],"replies":[{"embeddable":true,"href":"https:\/\/www.colordesign-hotel-paris.com\/de\/wp-json\/wp\/v2\/comments?post=929"}],"version-history":[{"count":1,"href":"https:\/\/www.colordesign-hotel-paris.com\/de\/wp-json\/wp\/v2\/pages\/929\/revisions"}],"predecessor-version":[{"id":2554,"href":"https:\/\/www.colordesign-hotel-paris.com\/de\/wp-json\/wp\/v2\/pages\/929\/revisions\/2554"}],"up":[{"embeddable":true,"href":"https:\/\/www.colordesign-hotel-paris.com\/de\/wp-json\/wp\/v2\/pages\/919"}],"wp:attachment":[{"href":"https:\/\/www.colordesign-hotel-paris.com\/de\/wp-json\/wp\/v2\/media?parent=929"}],"curies":[{"name":"wp","href":"https:\/\/api.w.org\/{rel}","templated":true}]}}