{"id":1056,"date":"2016-01-21T15:55:20","date_gmt":"2016-01-21T14:55:20","guid":{"rendered":"https:\/\/www.colordesign-hotel-paris.com\/\/es\/nos-offres"},"modified":"2024-12-12T13:59:57","modified_gmt":"2024-12-12T12:59:57","slug":"ofertas","status":"publish","type":"page","link":"https:\/\/www.colordesign-hotel-paris.com\/es\/ofertas\/","title":{"rendered":"Ofertas"},"content":{"rendered":"\t\t<div data-elementor-type=\"wp-page\" data-elementor-id=\"1056\" class=\"elementor elementor-1056 elementor-791\" data-elementor-post-type=\"page\">\n\t\t\t\t<div class=\"elementor-element elementor-element-8884c06 e-con-full e-flex e-con e-parent\" data-id=\"8884c06\" data-element_type=\"container\" data-settings=\"{&quot;background_background&quot;:&quot;slideshow&quot;,&quot;background_slideshow_slide_duration&quot;:3000,&quot;background_slideshow_ken_burns&quot;:&quot;yes&quot;,&quot;background_slideshow_gallery&quot;:[],&quot;background_slideshow_loop&quot;:&quot;yes&quot;,&quot;background_slideshow_slide_transition&quot;:&quot;fade&quot;,&quot;background_slideshow_transition_duration&quot;:500,&quot;background_slideshow_ken_burns_zoom_direction&quot;:&quot;in&quot;}\">\n\t\t\t\t<div class=\"elementor-element elementor-element-9639410 elementor-widget elementor-widget-shortcode\" data-id=\"9639410\" data-element_type=\"widget\" data-widget_type=\"shortcode.default\">\n\t\t\t\t<div class=\"elementor-widget-container\">\n\t\t\t\t\t\t\t<div class=\"elementor-shortcode\">\t\t<div data-elementor-type=\"container\" data-elementor-id=\"4036\" class=\"elementor elementor-4036\" data-elementor-post-type=\"elementor_library\">\n\t\t\t\t<div class=\"elementor-element elementor-element-2f658a27 e-flex e-con-boxed e-con e-parent\" data-id=\"2f658a27\" data-element_type=\"container\" data-settings=\"{&quot;background_background&quot;:&quot;slideshow&quot;,&quot;background_slideshow_gallery&quot;:[{&quot;id&quot;:6091,&quot;url&quot;:&quot;https:\\\/\\\/www.colordesign-hotel-paris.com\\\/wp-content\\\/uploads\\\/2025\\\/12\\\/hotel_colordesign_18.jpg&quot;},{&quot;id&quot;:6140,&quot;url&quot;:&quot;https:\\\/\\\/www.colordesign-hotel-paris.com\\\/wp-content\\\/uploads\\\/2025\\\/12\\\/hotel_colordesign_25.jpg&quot;},{&quot;id&quot;:2681,&quot;url&quot;:&quot;https:\\\/\\\/www.colordesign-hotel-paris.com\\\/wp-content\\\/uploads\\\/2024\\\/11\\\/2017-color-design-hotel-36.jpg&quot;},{&quot;id&quot;:2688,&quot;url&quot;:&quot;https:\\\/\\\/www.colordesign-hotel-paris.com\\\/wp-content\\\/uploads\\\/2024\\\/11\\\/2017-color-design-hotel-01-1.jpg&quot;},{&quot;id&quot;:6042,&quot;url&quot;:&quot;https:\\\/\\\/www.colordesign-hotel-paris.com\\\/wp-content\\\/uploads\\\/2025\\\/12\\\/hotel_colordesign_11.jpg&quot;}],&quot;background_slideshow_slide_duration&quot;:3000,&quot;background_slideshow_ken_burns&quot;:&quot;yes&quot;,&quot;background_slideshow_loop&quot;:&quot;yes&quot;,&quot;background_slideshow_slide_transition&quot;:&quot;fade&quot;,&quot;background_slideshow_transition_duration&quot;:500,&quot;background_slideshow_ken_burns_zoom_direction&quot;:&quot;in&quot;}\">\n\t\t\t\t\t<div class=\"e-con-inner\">\n\t\t\t\t\t<\/div>\n\t\t\t\t<\/div>\n\t\t\t\t<\/div>\n\t\t<\/div>\n\t\t\t\t\t\t<\/div>\n\t\t\t\t<\/div>\n\t\t\t\t<\/div>\n\t\t<div class=\"elementor-element elementor-element-a7a0866 e-flex e-con-boxed elementor-invisible e-con e-parent\" data-id=\"a7a0866\" data-element_type=\"container\" data-settings=\"{&quot;animation&quot;:&quot;fadeInDown&quot;}\">\n\t\t\t\t\t<div class=\"e-con-inner\">\n\t\t\t\t<div class=\"elementor-element elementor-element-fb91cf0 elementor-widget-divider--view-line elementor-widget elementor-widget-divider\" data-id=\"fb91cf0\" data-element_type=\"widget\" data-widget_type=\"divider.default\">\n\t\t\t\t<div class=\"elementor-widget-container\">\n\t\t\t\t\t\t\t<div class=\"elementor-divider\">\n\t\t\t<span class=\"elementor-divider-separator\">\n\t\t\t\t\t\t<\/span>\n\t\t<\/div>\n\t\t\t\t\t\t<\/div>\n\t\t\t\t<\/div>\n\t\t\t\t\t<\/div>\n\t\t\t\t<\/div>\n\t\t<div class=\"elementor-element elementor-element-cd27fcf e-flex e-con-boxed e-con e-parent\" data-id=\"cd27fcf\" data-element_type=\"container\" data-settings=\"{&quot;background_background&quot;:&quot;classic&quot;}\">\n\t\t\t\t\t<div class=\"e-con-inner\">\n\t\t\t\t<div class=\"elementor-element elementor-element-2d9a9fe elementor-widget elementor-widget-heading\" data-id=\"2d9a9fe\" data-element_type=\"widget\" data-widget_type=\"heading.default\">\n\t\t\t\t<div class=\"elementor-widget-container\">\n\t\t\t\t\t<h1 class=\"elementor-heading-title elementor-size-default\">Color Design Hotel Paris<\/h1>\t\t\t\t<\/div>\n\t\t\t\t<\/div>\n\t\t\t\t<div class=\"elementor-element elementor-element-e0ef5d9 elementor-widget elementor-widget-heading\" data-id=\"e0ef5d9\" data-element_type=\"widget\" data-widget_type=\"heading.default\">\n\t\t\t\t<div class=\"elementor-widget-container\">\n\t\t\t\t\t<h2 class=\"elementor-heading-title elementor-size-default\">Offertas<\/h2>\t\t\t\t<\/div>\n\t\t\t\t<\/div>\n\t\t\t\t\t<\/div>\n\t\t\t\t<\/div>\n\t\t<div class=\"elementor-element elementor-element-0520a2d e-con-full e-flex e-con e-parent\" data-id=\"0520a2d\" data-element_type=\"container\" data-settings=\"{&quot;background_background&quot;:&quot;gradient&quot;}\">\n\t\t<div class=\"elementor-element elementor-element-58f7b88 e-flex e-con-boxed e-con e-child\" data-id=\"58f7b88\" data-element_type=\"container\">\n\t\t\t\t\t<div class=\"e-con-inner\">\n\t\t<div class=\"elementor-element elementor-element-a99e784 e-con-full e-flex e-con e-child\" data-id=\"a99e784\" data-element_type=\"container\">\n\t\t<div class=\"elementor-element elementor-element-841f4af e-con-full e-flex e-con e-child\" data-id=\"841f4af\" data-element_type=\"container\" data-settings=\"{&quot;background_background&quot;:&quot;gradient&quot;}\">\n\t\t<div class=\"elementor-element elementor-element-f95970d e-con-full e-flex e-con e-child\" data-id=\"f95970d\" data-element_type=\"container\" data-settings=\"{&quot;background_background&quot;:&quot;classic&quot;}\">\n\t\t\t\t<\/div>\n\t\t<div class=\"elementor-element elementor-element-ea2ff01 e-con-full e-flex e-con e-child\" data-id=\"ea2ff01\" data-element_type=\"container\">\n\t\t\t\t<div class=\"elementor-element elementor-element-5dd738c elementor-widget elementor-widget-heading\" data-id=\"5dd738c\" data-element_type=\"widget\" data-widget_type=\"heading.default\">\n\t\t\t\t<div class=\"elementor-widget-container\">\n\t\t\t\t\t<h3 class=\"elementor-heading-title elementor-size-default\">Oferta de fin de semana*<\/h3>\t\t\t\t<\/div>\n\t\t\t\t<\/div>\n\t\t\t\t<div class=\"elementor-element elementor-element-69d07fe elementor-widget elementor-widget-text-editor\" data-id=\"69d07fe\" data-element_type=\"widget\" data-widget_type=\"text-editor.default\">\n\t\t\t\t<div class=\"elementor-widget-container\">\n\t\t\t\t\t\t\t\t\t*Benef\u00edciate de un <strong>10% de descuento<\/strong> para cualquier reserva realizada por\t\t\t\t\t\t\t\t<\/div>\n\t\t\t\t<\/div>\n\t\t\t\t<div class=\"elementor-element elementor-element-a97988d elementor-icon-list--layout-traditional elementor-list-item-link-full_width elementor-widget elementor-widget-icon-list\" data-id=\"a97988d\" data-element_type=\"widget\" data-widget_type=\"icon-list.default\">\n\t\t\t\t<div class=\"elementor-widget-container\">\n\t\t\t\t\t\t\t<ul class=\"elementor-icon-list-items\">\n\t\t\t\t\t\t\t<li class=\"elementor-icon-list-item\">\n\t\t\t\t\t\t\t\t\t\t\t<a href=\"tel:0143077728\">\n\n\t\t\t\t\t\t\t\t\t\t\t\t<span class=\"elementor-icon-list-icon\">\n\t\t\t\t\t\t\t<svg aria-hidden=\"true\" class=\"e-font-icon-svg e-fas-phone-alt\" viewBox=\"0 0 512 512\" xmlns=\"http:\/\/www.w3.org\/2000\/svg\"><path d=\"M497.39 361.8l-112-48a24 24 0 0 0-28 6.9l-49.6 60.6A370.66 370.66 0 0 1 130.6 204.11l60.6-49.6a23.94 23.94 0 0 0 6.9-28l-48-112A24.16 24.16 0 0 0 122.6.61l-104 24A24 24 0 0 0 0 48c0 256.5 207.9 464 464 464a24 24 0 0 0 23.4-18.6l24-104a24.29 24.29 0 0 0-14.01-27.6z\"><\/path><\/svg>\t\t\t\t\t\t<\/span>\n\t\t\t\t\t\t\t\t\t\t<span class=\"elementor-icon-list-text\">01 43 07 77 28<\/span>\n\t\t\t\t\t\t\t\t\t\t\t<\/a>\n\t\t\t\t\t\t\t\t\t<\/li>\n\t\t\t\t\t\t\t\t<li class=\"elementor-icon-list-item\">\n\t\t\t\t\t\t\t\t\t\t\t<a href=\"tel:0644152145\">\n\n\t\t\t\t\t\t\t\t\t\t\t\t<span class=\"elementor-icon-list-icon\">\n\t\t\t\t\t\t\t<svg aria-hidden=\"true\" class=\"e-font-icon-svg e-fas-phone-alt\" viewBox=\"0 0 512 512\" xmlns=\"http:\/\/www.w3.org\/2000\/svg\"><path d=\"M497.39 361.8l-112-48a24 24 0 0 0-28 6.9l-49.6 60.6A370.66 370.66 0 0 1 130.6 204.11l60.6-49.6a23.94 23.94 0 0 0 6.9-28l-48-112A24.16 24.16 0 0 0 122.6.61l-104 24A24 24 0 0 0 0 48c0 256.5 207.9 464 464 464a24 24 0 0 0 23.4-18.6l24-104a24.29 24.29 0 0 0-14.01-27.6z\"><\/path><\/svg>\t\t\t\t\t\t<\/span>\n\t\t\t\t\t\t\t\t\t\t<span class=\"elementor-icon-list-text\">06 44 15 21 45<\/span>\n\t\t\t\t\t\t\t\t\t\t\t<\/a>\n\t\t\t\t\t\t\t\t\t<\/li>\n\t\t\t\t\t\t<\/ul>\n\t\t\t\t\t\t<\/div>\n\t\t\t\t<\/div>\n\t\t\t\t<div class=\"elementor-element elementor-element-30e4c6d elementor-widget elementor-widget-shortcode\" data-id=\"30e4c6d\" data-element_type=\"widget\" data-widget_type=\"shortcode.default\">\n\t\t\t\t<div class=\"elementor-widget-container\">\n\t\t\t\t\t\t\t<div class=\"elementor-shortcode\">\t\t<div data-elementor-type=\"container\" data-elementor-id=\"5378\" class=\"elementor elementor-5378 elementor-2715\" data-elementor-post-type=\"elementor_library\">\n\t\t\t\t<div class=\"elementor-element elementor-element-72987b9 e-flex e-con-boxed e-con e-parent\" data-id=\"72987b9\" data-element_type=\"container\">\n\t\t\t\t\t<div class=\"e-con-inner\">\n\t\t\t\t<div class=\"elementor-element elementor-element-0af178a distributor elementor-widget elementor-widget-button\" data-id=\"0af178a\" data-element_type=\"widget\" data-widget_type=\"button.default\">\n\t\t\t\t<div class=\"elementor-widget-container\">\n\t\t\t\t\t\t\t\t\t<div class=\"elementor-button-wrapper\">\n\t\t\t\t\t<a class=\"elementor-button elementor-button-link elementor-size-sm\" href=\"https:\/\/www.colordesign-hotel-paris.com\/?mewsDistributorOpened&#038;mewsRoute=rates&#038;language=es-ES&#038;cy=EUR\">\n\t\t\t\t\t\t<span class=\"elementor-button-content-wrapper\">\n\t\t\t\t\t\t<span class=\"elementor-button-icon\">\n\t\t\t\t<svg aria-hidden=\"true\" class=\"e-font-icon-svg e-fas-angle-right\" viewBox=\"0 0 256 512\" xmlns=\"http:\/\/www.w3.org\/2000\/svg\"><path d=\"M224.3 273l-136 136c-9.4 9.4-24.6 9.4-33.9 0l-22.6-22.6c-9.4-9.4-9.4-24.6 0-33.9l96.4-96.4-96.4-96.4c-9.4-9.4-9.4-24.6 0-33.9L54.3 103c9.4-9.4 24.6-9.4 33.9 0l136 136c9.5 9.4 9.5 24.6.1 34z\"><\/path><\/svg>\t\t\t<\/span>\n\t\t\t\t\t\t\t\t\t<span class=\"elementor-button-text\">RESERVAR<\/span>\n\t\t\t\t\t<\/span>\n\t\t\t\t\t<\/a>\n\t\t\t\t<\/div>\n\t\t\t\t\t\t\t\t<\/div>\n\t\t\t\t<\/div>\n\t\t\t\t\t<\/div>\n\t\t\t\t<\/div>\n\t\t\t\t<\/div>\n\t\t<\/div>\n\t\t\t\t\t\t<\/div>\n\t\t\t\t<\/div>\n\t\t\t\t<\/div>\n\t\t\t\t<\/div>\n\t\t\t\t<\/div>\n\t\t\t\t\t<\/div>\n\t\t\t\t<\/div>\n\t\t\t\t<\/div>\n\t\t<div class=\"elementor-element elementor-element-a4d6465 e-con-full e-flex e-con e-parent\" data-id=\"a4d6465\" data-element_type=\"container\" data-settings=\"{&quot;background_background&quot;:&quot;gradient&quot;}\">\n\t\t<div class=\"elementor-element elementor-element-aa24522 e-flex e-con-boxed e-con e-child\" data-id=\"aa24522\" data-element_type=\"container\">\n\t\t\t\t\t<div class=\"e-con-inner\">\n\t\t<div class=\"elementor-element elementor-element-f3c3e71 e-con-full e-flex e-con e-child\" data-id=\"f3c3e71\" data-element_type=\"container\">\n\t\t<div class=\"elementor-element elementor-element-4018072 e-con-full e-flex e-con e-child\" data-id=\"4018072\" data-element_type=\"container\" data-settings=\"{&quot;background_background&quot;:&quot;gradient&quot;}\">\n\t\t<div class=\"elementor-element elementor-element-bcc85e8 e-con-full e-flex e-con e-child\" data-id=\"bcc85e8\" data-element_type=\"container\">\n\t\t\t\t<div class=\"elementor-element elementor-element-d67c4bf elementor-widget elementor-widget-heading\" data-id=\"d67c4bf\" data-element_type=\"widget\" data-widget_type=\"heading.default\">\n\t\t\t\t<div class=\"elementor-widget-container\">\n\t\t\t\t\t<h3 class=\"elementor-heading-title elementor-size-default\">Tarifa flexible \u2013 Posible cancelaci\u00f3n*<\/h3>\t\t\t\t<\/div>\n\t\t\t\t<\/div>\n\t\t\t\t<div class=\"elementor-element elementor-element-db386a2 elementor-widget elementor-widget-text-editor\" data-id=\"db386a2\" data-element_type=\"widget\" data-widget_type=\"text-editor.default\">\n\t\t\t\t<div class=\"elementor-widget-container\">\n\t\t\t\t\t\t\t\t\t<p><span class=\"HwtZe\" lang=\"es\"><span class=\"jCAhz ChMk0b\"><span class=\"ryNqvb\">*Gratuito hasta el d\u00eda antes del mediod\u00eda, despu\u00e9s de este plazo.<\/span><\/span><\/span><\/p>\t\t\t\t\t\t\t\t<\/div>\n\t\t\t\t<\/div>\n\t\t\t\t<div class=\"elementor-element elementor-element-e0f762f elementor-icon-list--layout-traditional elementor-list-item-link-full_width elementor-widget elementor-widget-icon-list\" data-id=\"e0f762f\" data-element_type=\"widget\" data-widget_type=\"icon-list.default\">\n\t\t\t\t<div class=\"elementor-widget-container\">\n\t\t\t\t\t\t\t<ul class=\"elementor-icon-list-items\">\n\t\t\t\t\t\t\t<li class=\"elementor-icon-list-item\">\n\t\t\t\t\t\t\t\t\t\t\t<a href=\"tel:0143077728\">\n\n\t\t\t\t\t\t\t\t\t\t\t\t<span class=\"elementor-icon-list-icon\">\n\t\t\t\t\t\t\t<svg aria-hidden=\"true\" class=\"e-font-icon-svg e-fas-phone-alt\" viewBox=\"0 0 512 512\" xmlns=\"http:\/\/www.w3.org\/2000\/svg\"><path d=\"M497.39 361.8l-112-48a24 24 0 0 0-28 6.9l-49.6 60.6A370.66 370.66 0 0 1 130.6 204.11l60.6-49.6a23.94 23.94 0 0 0 6.9-28l-48-112A24.16 24.16 0 0 0 122.6.61l-104 24A24 24 0 0 0 0 48c0 256.5 207.9 464 464 464a24 24 0 0 0 23.4-18.6l24-104a24.29 24.29 0 0 0-14.01-27.6z\"><\/path><\/svg>\t\t\t\t\t\t<\/span>\n\t\t\t\t\t\t\t\t\t\t<span class=\"elementor-icon-list-text\">01 43 07 77 28<\/span>\n\t\t\t\t\t\t\t\t\t\t\t<\/a>\n\t\t\t\t\t\t\t\t\t<\/li>\n\t\t\t\t\t\t\t\t<li class=\"elementor-icon-list-item\">\n\t\t\t\t\t\t\t\t\t\t\t<a href=\"tel:0644152145\">\n\n\t\t\t\t\t\t\t\t\t\t\t\t<span class=\"elementor-icon-list-icon\">\n\t\t\t\t\t\t\t<svg aria-hidden=\"true\" class=\"e-font-icon-svg e-fas-phone-alt\" viewBox=\"0 0 512 512\" xmlns=\"http:\/\/www.w3.org\/2000\/svg\"><path d=\"M497.39 361.8l-112-48a24 24 0 0 0-28 6.9l-49.6 60.6A370.66 370.66 0 0 1 130.6 204.11l60.6-49.6a23.94 23.94 0 0 0 6.9-28l-48-112A24.16 24.16 0 0 0 122.6.61l-104 24A24 24 0 0 0 0 48c0 256.5 207.9 464 464 464a24 24 0 0 0 23.4-18.6l24-104a24.29 24.29 0 0 0-14.01-27.6z\"><\/path><\/svg>\t\t\t\t\t\t<\/span>\n\t\t\t\t\t\t\t\t\t\t<span class=\"elementor-icon-list-text\">06 44 15 21 45<\/span>\n\t\t\t\t\t\t\t\t\t\t\t<\/a>\n\t\t\t\t\t\t\t\t\t<\/li>\n\t\t\t\t\t\t<\/ul>\n\t\t\t\t\t\t<\/div>\n\t\t\t\t<\/div>\n\t\t\t\t<div class=\"elementor-element elementor-element-ee3286a elementor-widget elementor-widget-shortcode\" data-id=\"ee3286a\" data-element_type=\"widget\" data-widget_type=\"shortcode.default\">\n\t\t\t\t<div class=\"elementor-widget-container\">\n\t\t\t\t\t\t\t<div class=\"elementor-shortcode\">\t\t<div data-elementor-type=\"container\" data-elementor-id=\"5378\" class=\"elementor elementor-5378 elementor-2715\" data-elementor-post-type=\"elementor_library\">\n\t\t\t\t<div class=\"elementor-element elementor-element-72987b9 e-flex e-con-boxed e-con e-parent\" data-id=\"72987b9\" data-element_type=\"container\">\n\t\t\t\t\t<div class=\"e-con-inner\">\n\t\t\t\t<div class=\"elementor-element elementor-element-0af178a distributor elementor-widget elementor-widget-button\" data-id=\"0af178a\" data-element_type=\"widget\" data-widget_type=\"button.default\">\n\t\t\t\t<div class=\"elementor-widget-container\">\n\t\t\t\t\t\t\t\t\t<div class=\"elementor-button-wrapper\">\n\t\t\t\t\t<a class=\"elementor-button elementor-button-link elementor-size-sm\" href=\"https:\/\/www.colordesign-hotel-paris.com\/?mewsDistributorOpened&#038;mewsRoute=rates&#038;language=es-ES&#038;cy=EUR\">\n\t\t\t\t\t\t<span class=\"elementor-button-content-wrapper\">\n\t\t\t\t\t\t<span class=\"elementor-button-icon\">\n\t\t\t\t<svg aria-hidden=\"true\" class=\"e-font-icon-svg e-fas-angle-right\" viewBox=\"0 0 256 512\" xmlns=\"http:\/\/www.w3.org\/2000\/svg\"><path d=\"M224.3 273l-136 136c-9.4 9.4-24.6 9.4-33.9 0l-22.6-22.6c-9.4-9.4-9.4-24.6 0-33.9l96.4-96.4-96.4-96.4c-9.4-9.4-9.4-24.6 0-33.9L54.3 103c9.4-9.4 24.6-9.4 33.9 0l136 136c9.5 9.4 9.5 24.6.1 34z\"><\/path><\/svg>\t\t\t<\/span>\n\t\t\t\t\t\t\t\t\t<span class=\"elementor-button-text\">RESERVAR<\/span>\n\t\t\t\t\t<\/span>\n\t\t\t\t\t<\/a>\n\t\t\t\t<\/div>\n\t\t\t\t\t\t\t\t<\/div>\n\t\t\t\t<\/div>\n\t\t\t\t\t<\/div>\n\t\t\t\t<\/div>\n\t\t\t\t<\/div>\n\t\t<\/div>\n\t\t\t\t\t\t<\/div>\n\t\t\t\t<\/div>\n\t\t\t\t<\/div>\n\t\t<div class=\"elementor-element elementor-element-8d66279 e-con-full e-flex e-con e-child\" data-id=\"8d66279\" data-element_type=\"container\" data-settings=\"{&quot;background_background&quot;:&quot;classic&quot;}\">\n\t\t\t\t<\/div>\n\t\t\t\t<\/div>\n\t\t\t\t<\/div>\n\t\t\t\t\t<\/div>\n\t\t\t\t<\/div>\n\t\t\t\t<\/div>\n\t\t\t\t<\/div>\n\t\t","protected":false},"excerpt":{"rendered":"<p>Color Design Hotel Paris Offertas Oferta de fin de semana* *Benef\u00edciate de un 10% de descuento para cualquier reserva realizada por 01 43 07 77 28 06 44 15 21 45 Tarifa flexible \u2013 Posible cancelaci\u00f3n* *Gratuito hasta el d\u00eda antes del mediod\u00eda, despu\u00e9s de este plazo. 01 43 07 77 28 06 44 15 [&hellip;]<\/p>\n","protected":false},"author":2,"featured_media":0,"parent":0,"menu_order":0,"comment_status":"closed","ping_status":"closed","template":"","meta":{"footnotes":""},"class_list":["post-1056","page","type-page","status-publish","hentry"],"yoast_head":"<!-- This site is optimized with the Yoast SEO plugin v27.5 - https:\/\/yoast.com\/product\/yoast-seo-wordpress\/ -->\n<title>Ofertas - Color Design Hotel Paris - Paris Gare de Lyon - Bastille<\/title>\n<meta name=\"robots\" content=\"index, follow, max-snippet:-1, max-image-preview:large, max-video-preview:-1\" \/>\n<link rel=\"canonical\" href=\"https:\/\/www.colordesign-hotel-paris.com\/es\/ofertas\/\" \/>\n<meta property=\"og:locale\" content=\"es_ES\" \/>\n<meta property=\"og:type\" content=\"article\" \/>\n<meta property=\"og:title\" content=\"Ofertas - Color Design Hotel Paris - Paris Gare de Lyon - Bastille\" \/>\n<meta property=\"og:description\" content=\"Color Design Hotel Paris Offertas Oferta de fin de semana* *Benef\u00edciate de un 10% de descuento para cualquier reserva realizada por 01 43 07 77 28 06 44 15 21 45 Tarifa flexible \u2013 Posible cancelaci\u00f3n* *Gratuito hasta el d\u00eda antes del mediod\u00eda, despu\u00e9s de este plazo. 01 43 07 77 28 06 44 15 [&hellip;]\" \/>\n<meta property=\"og:url\" content=\"https:\/\/www.colordesign-hotel-paris.com\/es\/ofertas\/\" \/>\n<meta property=\"og:site_name\" content=\"Color Design Hotel Paris - Paris Gare de Lyon - Bastille\" \/>\n<meta property=\"article:modified_time\" content=\"2024-12-12T12:59:57+00:00\" \/>\n<meta name=\"twitter:card\" content=\"summary_large_image\" \/>\n<meta name=\"twitter:label1\" content=\"Tiempo de lectura\" \/>\n\t<meta name=\"twitter:data1\" content=\"1 minuto\" \/>\n<script type=\"application\/ld+json\" class=\"yoast-schema-graph\">{\"@context\":\"https:\\\/\\\/schema.org\",\"@graph\":[{\"@type\":\"WebPage\",\"@id\":\"https:\\\/\\\/www.colordesign-hotel-paris.com\\\/es\\\/ofertas\\\/\",\"url\":\"https:\\\/\\\/www.colordesign-hotel-paris.com\\\/es\\\/ofertas\\\/\",\"name\":\"Ofertas - Color Design Hotel Paris - Paris Gare de Lyon - Bastille\",\"isPartOf\":{\"@id\":\"https:\\\/\\\/www.colordesign-hotel-paris.com\\\/de\\\/#website\"},\"datePublished\":\"2016-01-21T14:55:20+00:00\",\"dateModified\":\"2024-12-12T12:59:57+00:00\",\"breadcrumb\":{\"@id\":\"https:\\\/\\\/www.colordesign-hotel-paris.com\\\/es\\\/ofertas\\\/#breadcrumb\"},\"inLanguage\":\"es\",\"potentialAction\":[{\"@type\":\"ReadAction\",\"target\":[\"https:\\\/\\\/www.colordesign-hotel-paris.com\\\/es\\\/ofertas\\\/\"]}]},{\"@type\":\"BreadcrumbList\",\"@id\":\"https:\\\/\\\/www.colordesign-hotel-paris.com\\\/es\\\/ofertas\\\/#breadcrumb\",\"itemListElement\":[{\"@type\":\"ListItem\",\"position\":1,\"name\":\"Accueil\",\"item\":\"https:\\\/\\\/www.colordesign-hotel-paris.com\\\/es\\\/\"},{\"@type\":\"ListItem\",\"position\":2,\"name\":\"Ofertas\"}]},{\"@type\":\"WebSite\",\"@id\":\"https:\\\/\\\/www.colordesign-hotel-paris.com\\\/de\\\/#website\",\"url\":\"https:\\\/\\\/www.colordesign-hotel-paris.com\\\/de\\\/\",\"name\":\"Color Design Hotel Paris - Paris Gare de Lyon - Bastille\",\"description\":\"\",\"publisher\":{\"@id\":\"https:\\\/\\\/www.colordesign-hotel-paris.com\\\/de\\\/#organization\"},\"potentialAction\":[{\"@type\":\"SearchAction\",\"target\":{\"@type\":\"EntryPoint\",\"urlTemplate\":\"https:\\\/\\\/www.colordesign-hotel-paris.com\\\/de\\\/?s={search_term_string}\"},\"query-input\":{\"@type\":\"PropertyValueSpecification\",\"valueRequired\":true,\"valueName\":\"search_term_string\"}}],\"inLanguage\":\"es\"},{\"@type\":\"Organization\",\"@id\":\"https:\\\/\\\/www.colordesign-hotel-paris.com\\\/de\\\/#organization\",\"name\":\"Color Design Hotel Paris - Paris Gare de Lyon - Bastille\",\"url\":\"https:\\\/\\\/www.colordesign-hotel-paris.com\\\/de\\\/\",\"logo\":{\"@type\":\"ImageObject\",\"inLanguage\":\"es\",\"@id\":\"https:\\\/\\\/www.colordesign-hotel-paris.com\\\/de\\\/#\\\/schema\\\/logo\\\/image\\\/\",\"url\":\"https:\\\/\\\/www.colordesign-hotel-paris.com\\\/wp-content\\\/uploads\\\/2024\\\/11\\\/logo_hotel_color.png\",\"contentUrl\":\"https:\\\/\\\/www.colordesign-hotel-paris.com\\\/wp-content\\\/uploads\\\/2024\\\/11\\\/logo_hotel_color.png\",\"width\":300,\"height\":150,\"caption\":\"Color Design Hotel Paris - Paris Gare de Lyon - Bastille\"},\"image\":{\"@id\":\"https:\\\/\\\/www.colordesign-hotel-paris.com\\\/de\\\/#\\\/schema\\\/logo\\\/image\\\/\"}}]}<\/script>\n<!-- \/ Yoast SEO plugin. -->","yoast_head_json":{"title":"Ofertas - Color Design Hotel Paris - Paris Gare de Lyon - Bastille","robots":{"index":"index","follow":"follow","max-snippet":"max-snippet:-1","max-image-preview":"max-image-preview:large","max-video-preview":"max-video-preview:-1"},"canonical":"https:\/\/www.colordesign-hotel-paris.com\/es\/ofertas\/","og_locale":"es_ES","og_type":"article","og_title":"Ofertas - Color Design Hotel Paris - Paris Gare de Lyon - Bastille","og_description":"Color Design Hotel Paris Offertas Oferta de fin de semana* *Benef\u00edciate de un 10% de descuento para cualquier reserva realizada por 01 43 07 77 28 06 44 15 21 45 Tarifa flexible \u2013 Posible cancelaci\u00f3n* *Gratuito hasta el d\u00eda antes del mediod\u00eda, despu\u00e9s de este plazo. 01 43 07 77 28 06 44 15 [&hellip;]","og_url":"https:\/\/www.colordesign-hotel-paris.com\/es\/ofertas\/","og_site_name":"Color Design Hotel Paris - Paris Gare de Lyon - Bastille","article_modified_time":"2024-12-12T12:59:57+00:00","twitter_card":"summary_large_image","twitter_misc":{"Tiempo de lectura":"1 minuto"},"schema":{"@context":"https:\/\/schema.org","@graph":[{"@type":"WebPage","@id":"https:\/\/www.colordesign-hotel-paris.com\/es\/ofertas\/","url":"https:\/\/www.colordesign-hotel-paris.com\/es\/ofertas\/","name":"Ofertas - Color Design Hotel Paris - Paris Gare de Lyon - Bastille","isPartOf":{"@id":"https:\/\/www.colordesign-hotel-paris.com\/de\/#website"},"datePublished":"2016-01-21T14:55:20+00:00","dateModified":"2024-12-12T12:59:57+00:00","breadcrumb":{"@id":"https:\/\/www.colordesign-hotel-paris.com\/es\/ofertas\/#breadcrumb"},"inLanguage":"es","potentialAction":[{"@type":"ReadAction","target":["https:\/\/www.colordesign-hotel-paris.com\/es\/ofertas\/"]}]},{"@type":"BreadcrumbList","@id":"https:\/\/www.colordesign-hotel-paris.com\/es\/ofertas\/#breadcrumb","itemListElement":[{"@type":"ListItem","position":1,"name":"Accueil","item":"https:\/\/www.colordesign-hotel-paris.com\/es\/"},{"@type":"ListItem","position":2,"name":"Ofertas"}]},{"@type":"WebSite","@id":"https:\/\/www.colordesign-hotel-paris.com\/de\/#website","url":"https:\/\/www.colordesign-hotel-paris.com\/de\/","name":"Color Design Hotel Paris - Paris Gare de Lyon - Bastille","description":"","publisher":{"@id":"https:\/\/www.colordesign-hotel-paris.com\/de\/#organization"},"potentialAction":[{"@type":"SearchAction","target":{"@type":"EntryPoint","urlTemplate":"https:\/\/www.colordesign-hotel-paris.com\/de\/?s={search_term_string}"},"query-input":{"@type":"PropertyValueSpecification","valueRequired":true,"valueName":"search_term_string"}}],"inLanguage":"es"},{"@type":"Organization","@id":"https:\/\/www.colordesign-hotel-paris.com\/de\/#organization","name":"Color Design Hotel Paris - Paris Gare de Lyon - Bastille","url":"https:\/\/www.colordesign-hotel-paris.com\/de\/","logo":{"@type":"ImageObject","inLanguage":"es","@id":"https:\/\/www.colordesign-hotel-paris.com\/de\/#\/schema\/logo\/image\/","url":"https:\/\/www.colordesign-hotel-paris.com\/wp-content\/uploads\/2024\/11\/logo_hotel_color.png","contentUrl":"https:\/\/www.colordesign-hotel-paris.com\/wp-content\/uploads\/2024\/11\/logo_hotel_color.png","width":300,"height":150,"caption":"Color Design Hotel Paris - Paris Gare de Lyon - Bastille"},"image":{"@id":"https:\/\/www.colordesign-hotel-paris.com\/de\/#\/schema\/logo\/image\/"}}]}},"_links":{"self":[{"href":"https:\/\/www.colordesign-hotel-paris.com\/es\/wp-json\/wp\/v2\/pages\/1056","targetHints":{"allow":["GET"]}}],"collection":[{"href":"https:\/\/www.colordesign-hotel-paris.com\/es\/wp-json\/wp\/v2\/pages"}],"about":[{"href":"https:\/\/www.colordesign-hotel-paris.com\/es\/wp-json\/wp\/v2\/types\/page"}],"author":[{"embeddable":true,"href":"https:\/\/www.colordesign-hotel-paris.com\/es\/wp-json\/wp\/v2\/users\/2"}],"replies":[{"embeddable":true,"href":"https:\/\/www.colordesign-hotel-paris.com\/es\/wp-json\/wp\/v2\/comments?post=1056"}],"version-history":[{"count":12,"href":"https:\/\/www.colordesign-hotel-paris.com\/es\/wp-json\/wp\/v2\/pages\/1056\/revisions"}],"predecessor-version":[{"id":5830,"href":"https:\/\/www.colordesign-hotel-paris.com\/es\/wp-json\/wp\/v2\/pages\/1056\/revisions\/5830"}],"wp:attachment":[{"href":"https:\/\/www.colordesign-hotel-paris.com\/es\/wp-json\/wp\/v2\/media?parent=1056"}],"curies":[{"name":"wp","href":"https:\/\/api.w.org\/{rel}","templated":true}]}}